{"id":1262,"date":"2023-03-15T08:01:19","date_gmt":"2023-03-15T08:01:19","guid":{"rendered":"https:\/\/roydiamantes.creacomtest.com\/qui-som\/"},"modified":"2024-06-12T14:42:24","modified_gmt":"2024-06-12T14:42:24","slug":"qui-som","status":"publish","type":"page","link":"https:\/\/roydiamantes.es\/ca\/qui-som\/","title":{"rendered":"QUI SOM"},"content":{"rendered":"\t\t<div data-elementor-type=\"wp-page\" data-elementor-id=\"1262\" class=\"elementor elementor-1262 elementor-145\">\n\t\t\t\t\t\t<section class=\"elementor-section elementor-top-section elementor-element elementor-element-69a12aca elementor-section-boxed elementor-section-height-default elementor-section-height-default\" data-id=\"69a12aca\" data-element_type=\"section\" data-settings=\"{&quot;background_background&quot;:&quot;classic&quot;}\">\n\t\t\t\t\t\t\t<div class=\"elementor-background-overlay\"><\/div>\n\t\t\t\t\t\t\t<div class=\"elementor-container elementor-column-gap-no\">\n\t\t\t\t\t<div class=\"elementor-column elementor-col-50 elementor-top-column elementor-element elementor-element-38655eea\" data-id=\"38655eea\" data-element_type=\"column\">\n\t\t\t<div class=\"elementor-widget-wrap\">\n\t\t\t\t\t\t\t<\/div>\n\t\t<\/div>\n\t\t\t\t<div class=\"elementor-column elementor-col-50 elementor-top-column elementor-element elementor-element-63cee590\" data-id=\"63cee590\" data-element_type=\"column\">\n\t\t\t<div class=\"elementor-widget-wrap\">\n\t\t\t\t\t\t\t<\/div>\n\t\t<\/div>\n\t\t\t\t\t<\/div>\n\t\t<\/section>\n\t\t\t\t<section class=\"elementor-section elementor-top-section elementor-element elementor-element-27f9b269 elementor-hidden-mobile elementor-section-boxed elementor-section-height-default elementor-section-height-default\" data-id=\"27f9b269\" data-element_type=\"section\">\n\t\t\t\t\t\t<div class=\"elementor-container elementor-column-gap-no\">\n\t\t\t\t\t<div class=\"elementor-column elementor-col-100 elementor-top-column elementor-element elementor-element-7e67927e\" data-id=\"7e67927e\" data-element_type=\"column\">\n\t\t\t<div class=\"elementor-widget-wrap elementor-element-populated\">\n\t\t\t\t\t\t<section class=\"elementor-section elementor-inner-section elementor-element elementor-element-693ab931 elementor-section-boxed elementor-section-height-default elementor-section-height-default\" data-id=\"693ab931\" data-element_type=\"section\">\n\t\t\t\t\t\t<div class=\"elementor-container elementor-column-gap-no\">\n\t\t\t\t\t<div class=\"elementor-column elementor-col-50 elementor-inner-column elementor-element elementor-element-429deaf4\" data-id=\"429deaf4\" data-element_type=\"column\">\n\t\t\t<div class=\"elementor-widget-wrap elementor-element-populated\">\n\t\t\t\t\t\t<div class=\"elementor-element elementor-element-5d85cdb0 elementor-widget elementor-widget-text-editor\" data-id=\"5d85cdb0\" data-element_type=\"widget\" data-widget_type=\"text-editor.default\">\n\t\t\t\t<div class=\"elementor-widget-container\">\n\t\t\t\t\t\t\t\t\t<p>SOBRE NOSALTRES<\/p>\n\t\t\t\t\t\t\t\t<\/div>\n\t\t\t\t<\/div>\n\t\t\t\t<div class=\"elementor-element elementor-element-7b5eb1f2 elementor-widget elementor-widget-heading\" data-id=\"7b5eb1f2\" data-element_type=\"widget\" data-widget_type=\"heading.default\">\n\t\t\t\t<div class=\"elementor-widget-container\">\n\t\t\t\t\t<h2 class=\"elementor-heading-title elementor-size-default\">m\u00e9s de 50 anys de traject\u00f2ria<\/h2>\t\t\t\t<\/div>\n\t\t\t\t<\/div>\n\t\t\t\t\t<\/div>\n\t\t<\/div>\n\t\t\t\t<div class=\"elementor-column elementor-col-50 elementor-inner-column elementor-element elementor-element-197f69d3\" data-id=\"197f69d3\" data-element_type=\"column\">\n\t\t\t<div class=\"elementor-widget-wrap elementor-element-populated\">\n\t\t\t\t\t\t<div class=\"elementor-element elementor-element-12619c99 elementor-widget elementor-widget-text-editor\" data-id=\"12619c99\" data-element_type=\"widget\" data-widget_type=\"text-editor.default\">\n\t\t\t\t<div class=\"elementor-widget-container\">\n\t\t\t\t\t\t\t\t\t<p class=\"p_textstyle_19259\">ROY, encara que fabrica i comercialitza amb aquest nom des de 1986, comen\u00e7a la seva marxa en 1960; sent la primera empresa en la Pen\u00ednsula a fabricar una mola superabrasiva amb aglomerant resinoide.<\/p><p class=\"p_textstyle_19259\">Amb m\u00e9s de 50 anys de traject\u00f2ria, ROY \u00e9s actualment una de les empreses l\u00edders a nivell mundial en la fabricaci\u00f3 de moles super abrasives per a la ind\u00fastria metall mec\u00e0nica.<\/p><p class=\"p_textstyle_19259\">ROY ha treballat des dels seus inicis en estreta col\u00b7laboraci\u00f3 amb els seus clients, desenvolupant solucions adaptades a les seves necessitats. Treballem perqu\u00e8 geometria, aglomerant i abrasiu siguin els \u00f2ptims per a cada aplicaci\u00f3.<\/p><p class=\"p_textstyle_19259\">Un altre dels valors pels quals ROY destaca enfront dels seus competidors, \u00e9s la regularitat del seu producte. A part de fabricar un producte adaptat a la necessitat de cada treball i client, donem una vital import\u00e0ncia al fet que el producte sigui sempre igual de bo.<\/p>\t\t\t\t\t\t\t\t<\/div>\n\t\t\t\t<\/div>\n\t\t\t\t\t<\/div>\n\t\t<\/div>\n\t\t\t\t\t<\/div>\n\t\t<\/section>\n\t\t\t\t\t<\/div>\n\t\t<\/div>\n\t\t\t\t\t<\/div>\n\t\t<\/section>\n\t\t\t\t<section class=\"elementor-section elementor-top-section elementor-element elementor-element-b19aca8 elementor-hidden-desktop elementor-hidden-tablet elementor-section-boxed elementor-section-height-default elementor-section-height-default\" data-id=\"b19aca8\" data-element_type=\"section\">\n\t\t\t\t\t\t<div class=\"elementor-container elementor-column-gap-no\">\n\t\t\t\t\t<div class=\"elementor-column elementor-col-100 elementor-top-column elementor-element elementor-element-dabf356\" data-id=\"dabf356\" data-element_type=\"column\">\n\t\t\t<div class=\"elementor-widget-wrap elementor-element-populated\">\n\t\t\t\t\t\t<section class=\"elementor-section elementor-inner-section elementor-element elementor-element-d879e36 elementor-section-boxed elementor-section-height-default elementor-section-height-default\" data-id=\"d879e36\" data-element_type=\"section\">\n\t\t\t\t\t\t<div class=\"elementor-container elementor-column-gap-no\">\n\t\t\t\t\t<div class=\"elementor-column elementor-col-100 elementor-inner-column elementor-element elementor-element-3488089\" data-id=\"3488089\" data-element_type=\"column\">\n\t\t\t<div class=\"elementor-widget-wrap elementor-element-populated\">\n\t\t\t\t\t\t<div class=\"elementor-element elementor-element-f4f852a elementor-widget elementor-widget-text-editor\" data-id=\"f4f852a\" data-element_type=\"widget\" data-widget_type=\"text-editor.default\">\n\t\t\t\t<div class=\"elementor-widget-container\">\n\t\t\t\t\t\t\t\t\t<p>SOBRE NOSALTRES<\/p>\n\t\t\t\t\t\t\t\t<\/div>\n\t\t\t\t<\/div>\n\t\t\t\t<div class=\"elementor-element elementor-element-deb2c4a elementor-widget elementor-widget-heading\" data-id=\"deb2c4a\" data-element_type=\"widget\" data-widget_type=\"heading.default\">\n\t\t\t\t<div class=\"elementor-widget-container\">\n\t\t\t\t\t<h2 class=\"elementor-heading-title elementor-size-default\">m\u00e9s de 50 anys de traject\u00f2ria<\/h2>\t\t\t\t<\/div>\n\t\t\t\t<\/div>\n\t\t\t\t<div class=\"elementor-element elementor-element-ff39fac elementor-widget elementor-widget-text-editor\" data-id=\"ff39fac\" data-element_type=\"widget\" data-widget_type=\"text-editor.default\">\n\t\t\t\t<div class=\"elementor-widget-container\">\n\t\t\t\t\t\t\t\t\t<p class=\"p_textstyle_19259\">ROY, encara que fabrica i comercialitza amb aquest nom des de 1986, comen\u00e7a la seva marxa en 1960; sent la primera empresa en la<br \/>Pen\u00ednsula a fabricar una mola super abrasiva amb aglomerant resinoide.<\/p><p class=\"p_textstyle_19259\">Amb m\u00e9s de 50 anys de traject\u00f2ria, ROY \u00e9s actualment una de les empreses l\u00edders a nivell mundial en la fabricaci\u00f3 de queixals<br \/>super abrasives per a la ind\u00fastria metall mec\u00e0nica.<\/p><p class=\"p_textstyle_19259\">ROY ha treballat des dels seus inicis en estreta col\u00b7laboraci\u00f3 amb els seus clients, desenvolupant solucions adaptades a les seves necessitats. Treballem perqu\u00e8 geometria, aglomerant i abrasiu siguin els \u00f2ptims per a cada aplicaci\u00f3.<\/p><p class=\"p_textstyle_19259\">Un altre dels valors pels quals ROY destaca enfront dels seus competidors, \u00e9s la regularitat del seu producte. A part de fabricar un producte adaptat a la necessitat de cada treball i client, donem una vital import\u00e0ncia al fet que el producte sigui sempre igual de bo.<\/p>\t\t\t\t\t\t\t\t<\/div>\n\t\t\t\t<\/div>\n\t\t\t\t\t<\/div>\n\t\t<\/div>\n\t\t\t\t\t<\/div>\n\t\t<\/section>\n\t\t\t\t\t<\/div>\n\t\t<\/div>\n\t\t\t\t\t<\/div>\n\t\t<\/section>\n\t\t\t\t<section class=\"elementor-section elementor-top-section elementor-element elementor-element-2449565c elementor-section-boxed elementor-section-height-default elementor-section-height-default\" data-id=\"2449565c\" data-element_type=\"section\" data-settings=\"{&quot;background_background&quot;:&quot;classic&quot;}\">\n\t\t\t\t\t\t<div class=\"elementor-container elementor-column-gap-no\">\n\t\t\t\t\t<div class=\"elementor-column elementor-col-100 elementor-top-column elementor-element elementor-element-6b120d3c\" data-id=\"6b120d3c\" data-element_type=\"column\">\n\t\t\t<div class=\"elementor-widget-wrap elementor-element-populated\">\n\t\t\t\t\t\t<section class=\"elementor-section elementor-inner-section elementor-element elementor-element-5ba1eca4 elementor-section-boxed elementor-section-height-default elementor-section-height-default\" data-id=\"5ba1eca4\" data-element_type=\"section\">\n\t\t\t\t\t\t<div class=\"elementor-container elementor-column-gap-no\">\n\t\t\t\t\t<div class=\"elementor-column elementor-col-100 elementor-inner-column elementor-element elementor-element-333179a8\" data-id=\"333179a8\" data-element_type=\"column\">\n\t\t\t<div class=\"elementor-widget-wrap elementor-element-populated\">\n\t\t\t\t\t\t<div class=\"elementor-element elementor-element-1f398284 elementor-widget elementor-widget-text-editor\" data-id=\"1f398284\" data-element_type=\"widget\" data-widget_type=\"text-editor.default\">\n\t\t\t\t<div class=\"elementor-widget-container\">\n\t\t\t\t\t\t\t\t\t<p>ROY DIAMANTES<\/p>\n\t\t\t\t\t\t\t\t<\/div>\n\t\t\t\t<\/div>\n\t\t\t\t<div class=\"elementor-element elementor-element-3886981f elementor-widget elementor-widget-heading\" data-id=\"3886981f\" data-element_type=\"widget\" data-widget_type=\"heading.default\">\n\t\t\t\t<div class=\"elementor-widget-container\">\n\t\t\t\t\t<h2 class=\"elementor-heading-title elementor-size-default\">perqu\u00e8 triar-nos<\/h2>\t\t\t\t<\/div>\n\t\t\t\t<\/div>\n\t\t\t\t<div class=\"elementor-element elementor-element-1ca8e53c elementor-widget elementor-widget-text-editor\" data-id=\"1ca8e53c\" data-element_type=\"widget\" data-widget_type=\"text-editor.default\">\n\t\t\t\t<div class=\"elementor-widget-container\">\n\t\t\t\t\t\t\t\t\t<p>Som una de les empreses l\u00edders a nivell mundial en la fabricaci\u00f3 de moles super abrasives per a la ind\u00fastria metall mec\u00e0nica.<\/p>\t\t\t\t\t\t\t\t<\/div>\n\t\t\t\t<\/div>\n\t\t\t\t\t<\/div>\n\t\t<\/div>\n\t\t\t\t\t<\/div>\n\t\t<\/section>\n\t\t\t\t<section class=\"elementor-section elementor-inner-section elementor-element elementor-element-7b23f8b1 elementor-section-boxed elementor-section-height-default elementor-section-height-default\" data-id=\"7b23f8b1\" data-element_type=\"section\">\n\t\t\t\t\t\t<div class=\"elementor-container elementor-column-gap-no\">\n\t\t\t\t\t<div class=\"elementor-column elementor-col-33 elementor-inner-column elementor-element elementor-element-2646c3dc\" data-id=\"2646c3dc\" data-element_type=\"column\">\n\t\t\t<div class=\"elementor-widget-wrap elementor-element-populated\">\n\t\t\t\t\t\t<div class=\"elementor-element elementor-element-7e8e98d elementor-view-default elementor-widget elementor-widget-icon\" data-id=\"7e8e98d\" data-element_type=\"widget\" data-widget_type=\"icon.default\">\n\t\t\t\t<div class=\"elementor-widget-container\">\n\t\t\t\t\t\t\t<div class=\"elementor-icon-wrapper\">\n\t\t\t<div class=\"elementor-icon\">\n\t\t\t<i aria-hidden=\"true\" class=\"fas fa-file-contract\"><\/i>\t\t\t<\/div>\n\t\t<\/div>\n\t\t\t\t\t\t<\/div>\n\t\t\t\t<\/div>\n\t\t\t\t<div class=\"elementor-element elementor-element-3892822 elementor-widget elementor-widget-text-editor\" data-id=\"3892822\" data-element_type=\"widget\" data-widget_type=\"text-editor.default\">\n\t\t\t\t<div class=\"elementor-widget-container\">\n\t\t\t\t\t\t\t\t\t<p>M\u00e9s de 50 anys de<br \/>traject\u00f2ria ens avalen<\/p>\n\t\t\t\t\t\t\t\t<\/div>\n\t\t\t\t<\/div>\n\t\t\t\t\t<\/div>\n\t\t<\/div>\n\t\t\t\t<div class=\"elementor-column elementor-col-33 elementor-inner-column elementor-element elementor-element-6c7b3ab3\" data-id=\"6c7b3ab3\" data-element_type=\"column\">\n\t\t\t<div class=\"elementor-widget-wrap elementor-element-populated\">\n\t\t\t\t\t\t<div class=\"elementor-element elementor-element-d617e91 elementor-view-default elementor-widget elementor-widget-icon\" data-id=\"d617e91\" data-element_type=\"widget\" data-widget_type=\"icon.default\">\n\t\t\t\t<div class=\"elementor-widget-container\">\n\t\t\t\t\t\t\t<div class=\"elementor-icon-wrapper\">\n\t\t\t<div class=\"elementor-icon\">\n\t\t\t<i aria-hidden=\"true\" class=\"fas fa-tools\"><\/i>\t\t\t<\/div>\n\t\t<\/div>\n\t\t\t\t\t\t<\/div>\n\t\t\t\t<\/div>\n\t\t\t\t<div class=\"elementor-element elementor-element-26f11ce elementor-widget elementor-widget-text-editor\" data-id=\"26f11ce\" data-element_type=\"widget\" data-widget_type=\"text-editor.default\">\n\t\t\t\t<div class=\"elementor-widget-container\">\n\t\t\t\t\t\t\t\t\t<p>L\u00edders a nivell mundial en la fabricaci\u00f3 de moles super abrasives<\/p>\t\t\t\t\t\t\t\t<\/div>\n\t\t\t\t<\/div>\n\t\t\t\t\t<\/div>\n\t\t<\/div>\n\t\t\t\t<div class=\"elementor-column elementor-col-33 elementor-inner-column elementor-element elementor-element-6702853a\" data-id=\"6702853a\" data-element_type=\"column\">\n\t\t\t<div class=\"elementor-widget-wrap elementor-element-populated\">\n\t\t\t\t\t\t<div class=\"elementor-element elementor-element-d744f2f elementor-view-default elementor-widget elementor-widget-icon\" data-id=\"d744f2f\" data-element_type=\"widget\" data-widget_type=\"icon.default\">\n\t\t\t\t<div class=\"elementor-widget-container\">\n\t\t\t\t\t\t\t<div class=\"elementor-icon-wrapper\">\n\t\t\t<div class=\"elementor-icon\">\n\t\t\t<i aria-hidden=\"true\" class=\"fas fa-award\"><\/i>\t\t\t<\/div>\n\t\t<\/div>\n\t\t\t\t\t\t<\/div>\n\t\t\t\t<\/div>\n\t\t\t\t<div class=\"elementor-element elementor-element-4e41cc8 elementor-widget elementor-widget-text-editor\" data-id=\"4e41cc8\" data-element_type=\"widget\" data-widget_type=\"text-editor.default\">\n\t\t\t\t<div class=\"elementor-widget-container\">\n\t\t\t\t\t\t\t\t\t<p>Productes de<br \/>qualitat s\u00f3n productes<br \/>duradors<\/p>\n\t\t\t\t\t\t\t\t<\/div>\n\t\t\t\t<\/div>\n\t\t\t\t\t<\/div>\n\t\t<\/div>\n\t\t\t\t\t<\/div>\n\t\t<\/section>\n\t\t\t\t\t<\/div>\n\t\t<\/div>\n\t\t\t\t\t<\/div>\n\t\t<\/section>\n\t\t\t\t<\/div>\n\t\t","protected":false},"excerpt":{"rendered":"<p>SOBRE NOSALTRES m\u00e9s de 50 anys de traject\u00f2ria ROY, encara que fabrica i comercialitza amb aquest nom des de 1986, comen\u00e7a la seva marxa en 1960; sent la primera empresa en la Pen\u00ednsula a fabricar una mola superabrasiva amb aglomerant resinoide. Amb m\u00e9s de 50 anys de traject\u00f2ria, ROY \u00e9s actualment una de les empreses &hellip;<\/p>\n<p class=\"read-more\"> <a class=\"\" href=\"https:\/\/roydiamantes.es\/ca\/qui-som\/\"> <span class=\"screen-reader-text\">QUI SOM<\/span> Llegeix m\u00e9s &raquo;<\/a><\/p>\n","protected":false},"author":1,"featured_media":0,"parent":0,"menu_order":0,"comment_status":"closed","ping_status":"closed","template":"","meta":{"site-sidebar-layout":"no-sidebar","site-content-layout":"page-builder","ast-global-header-display":"","ast-main-header-display":"","ast-hfb-above-header-display":"","ast-hfb-below-header-display":"","ast-hfb-mobile-header-display":"","site-post-title":"disabled","ast-breadcrumbs-content":"","ast-featured-img":"disabled","footer-sml-layout":"","theme-transparent-header-meta":"","adv-header-id-meta":"","stick-header-meta":"","header-above-stick-meta":"","header-main-stick-meta":"","header-below-stick-meta":"","footnotes":""},"class_list":["post-1262","page","type-page","status-publish","hentry"],"yoast_head":"<!-- This site is optimized with the Yoast SEO plugin v24.7 - https:\/\/yoast.com\/wordpress\/plugins\/seo\/ -->\n<title>QUI SOM - Roy Diamantes Industriales S.L<\/title>\n<meta name=\"robots\" content=\"index, follow, max-snippet:-1, max-image-preview:large, max-video-preview:-1\" \/>\n<link rel=\"canonical\" href=\"https:\/\/roydiamantes.es\/en\/who-are-we\/\" \/>\n<meta property=\"og:locale\" content=\"ca_ES\" \/>\n<meta property=\"og:type\" content=\"article\" \/>\n<meta property=\"og:title\" content=\"QUI SOM - Roy Diamantes Industriales S.L\" \/>\n<meta property=\"og:description\" content=\"SOBRE NOSALTRES m\u00e9s de 50 anys de traject\u00f2ria ROY, encara que fabrica i comercialitza amb aquest nom des de 1986, comen\u00e7a la seva marxa en 1960; sent la primera empresa en la Pen\u00ednsula a fabricar una mola superabrasiva amb aglomerant resinoide. Amb m\u00e9s de 50 anys de traject\u00f2ria, ROY \u00e9s actualment una de les empreses &hellip; QUI SOM Llegeix m\u00e9s &raquo;\" \/>\n<meta property=\"og:url\" content=\"https:\/\/roydiamantes.es\/en\/who-are-we\/\" \/>\n<meta property=\"og:site_name\" content=\"Roy Diamantes Industriales S.L\" \/>\n<meta property=\"article:modified_time\" content=\"2024-06-12T14:42:24+00:00\" \/>\n<meta name=\"twitter:card\" content=\"summary_large_image\" \/>\n<meta name=\"twitter:label1\" content=\"Temps estimat de lectura\" \/>\n\t<meta name=\"twitter:data1\" content=\"2 minuts\" \/>\n<script type=\"application\/ld+json\" class=\"yoast-schema-graph\">{\"@context\":\"https:\/\/schema.org\",\"@graph\":[{\"@type\":\"WebPage\",\"@id\":\"https:\/\/roydiamantes.es\/en\/who-are-we\/\",\"url\":\"https:\/\/roydiamantes.es\/en\/who-are-we\/\",\"name\":\"QUI SOM - Roy Diamantes Industriales S.L\",\"isPartOf\":{\"@id\":\"https:\/\/roydiamantes.es\/fr\/#website\"},\"datePublished\":\"2023-03-15T08:01:19+00:00\",\"dateModified\":\"2024-06-12T14:42:24+00:00\",\"breadcrumb\":{\"@id\":\"https:\/\/roydiamantes.es\/en\/who-are-we\/#breadcrumb\"},\"inLanguage\":\"ca\",\"potentialAction\":[{\"@type\":\"ReadAction\",\"target\":[\"https:\/\/roydiamantes.es\/en\/who-are-we\/\"]}]},{\"@type\":\"BreadcrumbList\",\"@id\":\"https:\/\/roydiamantes.es\/en\/who-are-we\/#breadcrumb\",\"itemListElement\":[{\"@type\":\"ListItem\",\"position\":1,\"name\":\"Portada\",\"item\":\"https:\/\/roydiamantes.es\/en\/\"},{\"@type\":\"ListItem\",\"position\":2,\"name\":\"QUI SOM\"}]},{\"@type\":\"WebSite\",\"@id\":\"https:\/\/roydiamantes.es\/fr\/#website\",\"url\":\"https:\/\/roydiamantes.es\/fr\/\",\"name\":\"Roy Diamantes Industriales S.L\",\"description\":\"Roy Diamantes\",\"publisher\":{\"@id\":\"https:\/\/roydiamantes.es\/fr\/#organization\"},\"potentialAction\":[{\"@type\":\"SearchAction\",\"target\":{\"@type\":\"EntryPoint\",\"urlTemplate\":\"https:\/\/roydiamantes.es\/fr\/?s={search_term_string}\"},\"query-input\":{\"@type\":\"PropertyValueSpecification\",\"valueRequired\":true,\"valueName\":\"search_term_string\"}}],\"inLanguage\":\"ca\"},{\"@type\":\"Organization\",\"@id\":\"https:\/\/roydiamantes.es\/fr\/#organization\",\"name\":\"Roy Diamantes Industriales S.L\",\"url\":\"https:\/\/roydiamantes.es\/fr\/\",\"logo\":{\"@type\":\"ImageObject\",\"inLanguage\":\"ca\",\"@id\":\"https:\/\/roydiamantes.es\/fr\/#\/schema\/logo\/image\/\",\"url\":\"https:\/\/roydiamantes.es\/wp-content\/uploads\/2023\/03\/Logo_RoyDiamantes-logo-web.png\",\"contentUrl\":\"https:\/\/roydiamantes.es\/wp-content\/uploads\/2023\/03\/Logo_RoyDiamantes-logo-web.png\",\"width\":1898,\"height\":1582,\"caption\":\"Roy Diamantes Industriales S.L\"},\"image\":{\"@id\":\"https:\/\/roydiamantes.es\/fr\/#\/schema\/logo\/image\/\"}}]}<\/script>\n<!-- \/ Yoast SEO plugin. -->","yoast_head_json":{"title":"QUI SOM - Roy Diamantes Industriales S.L","robots":{"index":"index","follow":"follow","max-snippet":"max-snippet:-1","max-image-preview":"max-image-preview:large","max-video-preview":"max-video-preview:-1"},"canonical":"https:\/\/roydiamantes.es\/en\/who-are-we\/","og_locale":"ca_ES","og_type":"article","og_title":"QUI SOM - Roy Diamantes Industriales S.L","og_description":"SOBRE NOSALTRES m\u00e9s de 50 anys de traject\u00f2ria ROY, encara que fabrica i comercialitza amb aquest nom des de 1986, comen\u00e7a la seva marxa en 1960; sent la primera empresa en la Pen\u00ednsula a fabricar una mola superabrasiva amb aglomerant resinoide. Amb m\u00e9s de 50 anys de traject\u00f2ria, ROY \u00e9s actualment una de les empreses &hellip; QUI SOM Llegeix m\u00e9s &raquo;","og_url":"https:\/\/roydiamantes.es\/en\/who-are-we\/","og_site_name":"Roy Diamantes Industriales S.L","article_modified_time":"2024-06-12T14:42:24+00:00","twitter_card":"summary_large_image","twitter_misc":{"Temps estimat de lectura":"2 minuts"},"schema":{"@context":"https:\/\/schema.org","@graph":[{"@type":"WebPage","@id":"https:\/\/roydiamantes.es\/en\/who-are-we\/","url":"https:\/\/roydiamantes.es\/en\/who-are-we\/","name":"QUI SOM - Roy Diamantes Industriales S.L","isPartOf":{"@id":"https:\/\/roydiamantes.es\/fr\/#website"},"datePublished":"2023-03-15T08:01:19+00:00","dateModified":"2024-06-12T14:42:24+00:00","breadcrumb":{"@id":"https:\/\/roydiamantes.es\/en\/who-are-we\/#breadcrumb"},"inLanguage":"ca","potentialAction":[{"@type":"ReadAction","target":["https:\/\/roydiamantes.es\/en\/who-are-we\/"]}]},{"@type":"BreadcrumbList","@id":"https:\/\/roydiamantes.es\/en\/who-are-we\/#breadcrumb","itemListElement":[{"@type":"ListItem","position":1,"name":"Portada","item":"https:\/\/roydiamantes.es\/en\/"},{"@type":"ListItem","position":2,"name":"QUI SOM"}]},{"@type":"WebSite","@id":"https:\/\/roydiamantes.es\/fr\/#website","url":"https:\/\/roydiamantes.es\/fr\/","name":"Roy Diamantes Industriales S.L","description":"Roy Diamantes","publisher":{"@id":"https:\/\/roydiamantes.es\/fr\/#organization"},"potentialAction":[{"@type":"SearchAction","target":{"@type":"EntryPoint","urlTemplate":"https:\/\/roydiamantes.es\/fr\/?s={search_term_string}"},"query-input":{"@type":"PropertyValueSpecification","valueRequired":true,"valueName":"search_term_string"}}],"inLanguage":"ca"},{"@type":"Organization","@id":"https:\/\/roydiamantes.es\/fr\/#organization","name":"Roy Diamantes Industriales S.L","url":"https:\/\/roydiamantes.es\/fr\/","logo":{"@type":"ImageObject","inLanguage":"ca","@id":"https:\/\/roydiamantes.es\/fr\/#\/schema\/logo\/image\/","url":"https:\/\/roydiamantes.es\/wp-content\/uploads\/2023\/03\/Logo_RoyDiamantes-logo-web.png","contentUrl":"https:\/\/roydiamantes.es\/wp-content\/uploads\/2023\/03\/Logo_RoyDiamantes-logo-web.png","width":1898,"height":1582,"caption":"Roy Diamantes Industriales S.L"},"image":{"@id":"https:\/\/roydiamantes.es\/fr\/#\/schema\/logo\/image\/"}}]}},"_links":{"self":[{"href":"https:\/\/roydiamantes.es\/ca\/wp-json\/wp\/v2\/pages\/1262","targetHints":{"allow":["GET"]}}],"collection":[{"href":"https:\/\/roydiamantes.es\/ca\/wp-json\/wp\/v2\/pages"}],"about":[{"href":"https:\/\/roydiamantes.es\/ca\/wp-json\/wp\/v2\/types\/page"}],"author":[{"embeddable":true,"href":"https:\/\/roydiamantes.es\/ca\/wp-json\/wp\/v2\/users\/1"}],"replies":[{"embeddable":true,"href":"https:\/\/roydiamantes.es\/ca\/wp-json\/wp\/v2\/comments?post=1262"}],"version-history":[{"count":7,"href":"https:\/\/roydiamantes.es\/ca\/wp-json\/wp\/v2\/pages\/1262\/revisions"}],"predecessor-version":[{"id":2728,"href":"https:\/\/roydiamantes.es\/ca\/wp-json\/wp\/v2\/pages\/1262\/revisions\/2728"}],"wp:attachment":[{"href":"https:\/\/roydiamantes.es\/ca\/wp-json\/wp\/v2\/media?parent=1262"}],"curies":[{"name":"wp","href":"https:\/\/api.w.org\/{rel}","templated":true}]}}