{"id":1272,"date":"2023-03-15T11:59:24","date_gmt":"2023-03-15T11:59:24","guid":{"rendered":"https:\/\/roydiamantes.creacomtest.com\/metal%c2%b7lica\/"},"modified":"2024-06-12T14:44:27","modified_gmt":"2024-06-12T14:44:27","slug":"metal%c2%b7lica","status":"publish","type":"page","link":"https:\/\/roydiamantes.es\/ca\/metal%c2%b7lica\/","title":{"rendered":"MET\u00c0L\u00b7LICA"},"content":{"rendered":"\t\t<div data-elementor-type=\"wp-page\" data-elementor-id=\"1272\" class=\"elementor elementor-1272 elementor-292\">\n\t\t\t\t\t\t<section class=\"elementor-section elementor-top-section elementor-element elementor-element-4f727e05 elementor-section-boxed elementor-section-height-default elementor-section-height-default\" data-id=\"4f727e05\" data-element_type=\"section\" data-settings=\"{&quot;background_background&quot;:&quot;classic&quot;}\">\n\t\t\t\t\t\t\t<div class=\"elementor-background-overlay\"><\/div>\n\t\t\t\t\t\t\t<div class=\"elementor-container elementor-column-gap-no\">\n\t\t\t\t\t<div class=\"elementor-column elementor-col-100 elementor-top-column elementor-element elementor-element-2e6eb5bd\" data-id=\"2e6eb5bd\" data-element_type=\"column\">\n\t\t\t<div class=\"elementor-widget-wrap elementor-element-populated\">\n\t\t\t\t\t\t<div class=\"elementor-element elementor-element-0d2be57 elementor-view-default elementor-widget elementor-widget-icon\" data-id=\"0d2be57\" data-element_type=\"widget\" data-widget_type=\"icon.default\">\n\t\t\t\t<div class=\"elementor-widget-container\">\n\t\t\t\t\t\t\t<div class=\"elementor-icon-wrapper\">\n\t\t\t<div class=\"elementor-icon\">\n\t\t\t<svg xmlns=\"http:\/\/www.w3.org\/2000\/svg\" id=\"Capa_1\" viewBox=\"0 0 150 150\"><path d=\"m150.47,75.22c-1.64,1.31-3.21,2.34-4.5,3.63-23.38,23.38-46.73,46.79-70.05,70.23-1.16,1.16-1.84,1.28-3.06.05-18-18.22-36.04-36.41-54.09-54.59-6.02-6.06-12.06-12.09-18.19-18.04-1.48-1.44-1.33-2.24.07-3.64C24.56,49.05,48.42,25.19,72.26,1.31c1.4-1.4,2.26-1.98,4.04-.2,23.84,23.99,47.76,47.89,71.67,71.8.53.53,1.11,1.02,2.5,2.3Zm-76.12,18.23c-.63-.88-1.18-1.59-1.67-2.33-7.09-10.8-14.43-21.45-21.14-32.49-2.7-4.44-5.84-5.97-10.71-5.46-1.87.2-2.51.72-2.51,2.53.03,13.86.07,27.73-.04,41.59-.02,2.6,1.07,2.98,3.33,3.03,2.45.05,2.96-.88,2.94-3.11-.14-10.65-.13-21.3-.17-31.95,0-1.72,0-3.43,0-5.15.9.23,1.22.49,1.43.83,4.14,6.47,8.21,12.99,12.42,19.41,3.98,6.07,7.98,12.14,12.22,18.03,2.29,3.19,7.05,2.81,9.18-.48,6.88-10.64,13.72-21.3,20.59-31.94,1.11-1.71,2.34-3.34,3.52-5.01.53.89.6,1.54.6,2.19,0,11.24-.03,22.48-.03,33.72,0,1.82-.13,3.57,2.68,3.44,3.34-.15,3.45-.1,3.45-3.61,0-12.34-.01-24.68.02-37.02.01-6.42.04-6.32-6.25-6.47-2.22-.05-3.53.7-4.74,2.53-8.22,12.47-16.53,24.87-25.1,37.72Z\"><\/path><\/svg>\t\t\t<\/div>\n\t\t<\/div>\n\t\t\t\t\t\t<\/div>\n\t\t\t\t<\/div>\n\t\t\t\t\t<\/div>\n\t\t<\/div>\n\t\t\t\t\t<\/div>\n\t\t<\/section>\n\t\t\t\t<section class=\"elementor-section elementor-top-section elementor-element elementor-element-816d781 elementor-section-boxed elementor-section-height-default elementor-section-height-default\" data-id=\"816d781\" data-element_type=\"section\">\n\t\t\t\t\t\t<div class=\"elementor-container elementor-column-gap-default\">\n\t\t\t\t\t<div class=\"elementor-column elementor-col-100 elementor-top-column elementor-element elementor-element-83dc565\" data-id=\"83dc565\" data-element_type=\"column\">\n\t\t\t<div class=\"elementor-widget-wrap elementor-element-populated\">\n\t\t\t\t\t\t<div class=\"elementor-element elementor-element-035fcfc elementor-widget elementor-widget-image\" data-id=\"035fcfc\" data-element_type=\"widget\" data-widget_type=\"image.default\">\n\t\t\t\t<div class=\"elementor-widget-container\">\n\t\t\t\t\t\t\t\t\t\t\t\t\t\t\t\t<a href=\"https:\/\/roydiamantes.es\/wp-content\/uploads\/2023\/03\/metalica_tipom-2.png\" data-elementor-open-lightbox=\"yes\" data-elementor-lightbox-title=\"metalica_tipom\" data-e-action-hash=\"#elementor-action%3Aaction%3Dlightbox%26settings%3DeyJpZCI6MTExOCwidXJsIjoiaHR0cHM6XC9cL3JveWRpYW1hbnRlcy5lc1wvd3AtY29udGVudFwvdXBsb2Fkc1wvMjAyM1wvMDNcL21ldGFsaWNhX3RpcG9tLTIucG5nIn0%3D\">\n\t\t\t\t\t\t\t<img fetchpriority=\"high\" decoding=\"async\" width=\"1024\" height=\"682\" src=\"https:\/\/roydiamantes.es\/wp-content\/uploads\/2023\/03\/metalica_tipom-2-1024x682.png\" class=\"attachment-large size-large wp-image-1118\" alt=\"\" srcset=\"https:\/\/roydiamantes.es\/wp-content\/uploads\/2023\/03\/metalica_tipom-2-1024x682.png 1024w, https:\/\/roydiamantes.es\/wp-content\/uploads\/2023\/03\/metalica_tipom-2-300x200.png 300w, https:\/\/roydiamantes.es\/wp-content\/uploads\/2023\/03\/metalica_tipom-2-768x512.png 768w, https:\/\/roydiamantes.es\/wp-content\/uploads\/2023\/03\/metalica_tipom-2-1536x1024.png 1536w, https:\/\/roydiamantes.es\/wp-content\/uploads\/2023\/03\/metalica_tipom-2.png 1772w\" sizes=\"(max-width: 1024px) 100vw, 1024px\" \/>\t\t\t\t\t\t\t\t<\/a>\n\t\t\t\t\t\t\t\t\t\t\t\t\t\t\t<\/div>\n\t\t\t\t<\/div>\n\t\t\t\t<section class=\"elementor-section elementor-inner-section elementor-element elementor-element-eaf981f elementor-section-boxed elementor-section-height-default elementor-section-height-default\" data-id=\"eaf981f\" data-element_type=\"section\">\n\t\t\t\t\t\t<div class=\"elementor-container elementor-column-gap-no\">\n\t\t\t\t\t<div class=\"elementor-column elementor-col-100 elementor-inner-column elementor-element elementor-element-c8eec7e\" data-id=\"c8eec7e\" data-element_type=\"column\">\n\t\t\t<div class=\"elementor-widget-wrap elementor-element-populated\">\n\t\t\t\t\t\t<div class=\"elementor-element elementor-element-3033febf elementor-widget elementor-widget-text-editor\" data-id=\"3033febf\" data-element_type=\"widget\" data-widget_type=\"text-editor.default\">\n\t\t\t\t<div class=\"elementor-widget-container\">\n\t\t\t\t\t\t\t\t\t<p>MOLGUIS DIAMANT ACABAT<\/p>\n\t\t\t\t\t\t\t\t<\/div>\n\t\t\t\t<\/div>\n\t\t\t\t<div class=\"elementor-element elementor-element-4c161fde elementor-widget elementor-widget-heading\" data-id=\"4c161fde\" data-element_type=\"widget\" data-widget_type=\"heading.default\">\n\t\t\t\t<div class=\"elementor-widget-container\">\n\t\t\t\t\t<h2 class=\"elementor-heading-title elementor-size-default\">MET\u00c0L\u00b7LICA<\/h2>\t\t\t\t<\/div>\n\t\t\t\t<\/div>\n\t\t\t\t<div class=\"elementor-element elementor-element-25b54c5a elementor-widget elementor-widget-text-editor\" data-id=\"25b54c5a\" data-element_type=\"widget\" data-widget_type=\"text-editor.default\">\n\t\t\t\t<div class=\"elementor-widget-container\">\n\t\t\t\t\t\t\t\t\t<p class=\"p_textstyle_19259\">Les moles met\u00e0l\u00b7liques tenen una major duresa i resist\u00e8ncia al desgast que les de resina; encara que tenen una menor capacitat de tall i es genera m\u00e9s temperatura.<\/p><p class=\"p_textstyle_19259\">S&#8217;utilitzen quan el material a treballar \u00e9s molt abrasiu i\/o quan es requereix aguantar millor el perfil de la mola.<\/p><p class=\"p_textstyle_19259\">Aquest tipus de moles requereixen una refrigeraci\u00f3 abundant.<\/p>\t\t\t\t\t\t\t\t<\/div>\n\t\t\t\t<\/div>\n\t\t\t\t\t<\/div>\n\t\t<\/div>\n\t\t\t\t\t<\/div>\n\t\t<\/section>\n\t\t\t\t\t<\/div>\n\t\t<\/div>\n\t\t\t\t\t<\/div>\n\t\t<\/section>\n\t\t\t\t<\/div>\n\t\t","protected":false},"excerpt":{"rendered":"<p>MOLGUIS DIAMANT ACABAT MET\u00c0L\u00b7LICA Les moles met\u00e0l\u00b7liques tenen una major duresa i resist\u00e8ncia al desgast que les de resina; encara que tenen una menor capacitat de tall i es genera m\u00e9s temperatura. S&#8217;utilitzen quan el material a treballar \u00e9s molt abrasiu i\/o quan es requereix aguantar millor el perfil de la mola. Aquest tipus de &hellip;<\/p>\n<p class=\"read-more\"> <a class=\"\" href=\"https:\/\/roydiamantes.es\/ca\/metal%c2%b7lica\/\"> <span class=\"screen-reader-text\">MET\u00c0L\u00b7LICA<\/span> Llegeix m\u00e9s &raquo;<\/a><\/p>\n","protected":false},"author":1,"featured_media":0,"parent":0,"menu_order":0,"comment_status":"closed","ping_status":"closed","template":"","meta":{"site-sidebar-layout":"no-sidebar","site-content-layout":"page-builder","ast-global-header-display":"","ast-main-header-display":"","ast-hfb-above-header-display":"","ast-hfb-below-header-display":"","ast-hfb-mobile-header-display":"","site-post-title":"disabled","ast-breadcrumbs-content":"","ast-featured-img":"disabled","footer-sml-layout":"","theme-transparent-header-meta":"","adv-header-id-meta":"","stick-header-meta":"","header-above-stick-meta":"","header-main-stick-meta":"","header-below-stick-meta":"","footnotes":""},"class_list":["post-1272","page","type-page","status-publish","hentry"],"yoast_head":"<!-- This site is optimized with the Yoast SEO plugin v24.7 - https:\/\/yoast.com\/wordpress\/plugins\/seo\/ -->\n<title>MET\u00c0L\u00b7LICA - Roy Diamantes Industriales S.L<\/title>\n<meta name=\"robots\" content=\"index, follow, max-snippet:-1, max-image-preview:large, max-video-preview:-1\" \/>\n<link rel=\"canonical\" href=\"https:\/\/roydiamantes.es\/en\/metallic\/\" \/>\n<meta property=\"og:locale\" content=\"ca_ES\" \/>\n<meta property=\"og:type\" content=\"article\" \/>\n<meta property=\"og:title\" content=\"MET\u00c0L\u00b7LICA - Roy Diamantes Industriales S.L\" \/>\n<meta property=\"og:description\" content=\"MOLGUIS DIAMANT ACABAT MET\u00c0L\u00b7LICA Les moles met\u00e0l\u00b7liques tenen una major duresa i resist\u00e8ncia al desgast que les de resina; encara que tenen una menor capacitat de tall i es genera m\u00e9s temperatura. S&#8217;utilitzen quan el material a treballar \u00e9s molt abrasiu i\/o quan es requereix aguantar millor el perfil de la mola. Aquest tipus de &hellip; MET\u00c0L\u00b7LICA Llegeix m\u00e9s &raquo;\" \/>\n<meta property=\"og:url\" content=\"https:\/\/roydiamantes.es\/en\/metallic\/\" \/>\n<meta property=\"og:site_name\" content=\"Roy Diamantes Industriales S.L\" \/>\n<meta property=\"article:modified_time\" content=\"2024-06-12T14:44:27+00:00\" \/>\n<meta property=\"og:image\" content=\"https:\/\/roydiamantes.es\/wp-content\/uploads\/2023\/03\/metalica_tipom-2-1024x682.png\" \/>\n<meta name=\"twitter:card\" content=\"summary_large_image\" \/>\n<meta name=\"twitter:label1\" content=\"Temps estimat de lectura\" \/>\n\t<meta name=\"twitter:data1\" content=\"1 minut\" \/>\n<script type=\"application\/ld+json\" class=\"yoast-schema-graph\">{\"@context\":\"https:\/\/schema.org\",\"@graph\":[{\"@type\":\"WebPage\",\"@id\":\"https:\/\/roydiamantes.es\/en\/metallic\/\",\"url\":\"https:\/\/roydiamantes.es\/en\/metallic\/\",\"name\":\"MET\u00c0L\u00b7LICA - Roy Diamantes Industriales S.L\",\"isPartOf\":{\"@id\":\"https:\/\/roydiamantes.es\/fr\/#website\"},\"primaryImageOfPage\":{\"@id\":\"https:\/\/roydiamantes.es\/en\/metallic\/#primaryimage\"},\"image\":{\"@id\":\"https:\/\/roydiamantes.es\/en\/metallic\/#primaryimage\"},\"thumbnailUrl\":\"https:\/\/roydiamantes.es\/wp-content\/uploads\/2023\/03\/metalica_tipom-2-1024x682.png\",\"datePublished\":\"2023-03-15T11:59:24+00:00\",\"dateModified\":\"2024-06-12T14:44:27+00:00\",\"breadcrumb\":{\"@id\":\"https:\/\/roydiamantes.es\/en\/metallic\/#breadcrumb\"},\"inLanguage\":\"ca\",\"potentialAction\":[{\"@type\":\"ReadAction\",\"target\":[\"https:\/\/roydiamantes.es\/en\/metallic\/\"]}]},{\"@type\":\"ImageObject\",\"inLanguage\":\"ca\",\"@id\":\"https:\/\/roydiamantes.es\/en\/metallic\/#primaryimage\",\"url\":\"https:\/\/roydiamantes.es\/wp-content\/uploads\/2023\/03\/metalica_tipom-2-1024x682.png\",\"contentUrl\":\"https:\/\/roydiamantes.es\/wp-content\/uploads\/2023\/03\/metalica_tipom-2-1024x682.png\"},{\"@type\":\"BreadcrumbList\",\"@id\":\"https:\/\/roydiamantes.es\/en\/metallic\/#breadcrumb\",\"itemListElement\":[{\"@type\":\"ListItem\",\"position\":1,\"name\":\"Portada\",\"item\":\"https:\/\/roydiamantes.es\/en\/\"},{\"@type\":\"ListItem\",\"position\":2,\"name\":\"MET\u00c0L\u00b7LICA\"}]},{\"@type\":\"WebSite\",\"@id\":\"https:\/\/roydiamantes.es\/fr\/#website\",\"url\":\"https:\/\/roydiamantes.es\/fr\/\",\"name\":\"Roy Diamantes Industriales S.L\",\"description\":\"Roy Diamantes\",\"publisher\":{\"@id\":\"https:\/\/roydiamantes.es\/fr\/#organization\"},\"potentialAction\":[{\"@type\":\"SearchAction\",\"target\":{\"@type\":\"EntryPoint\",\"urlTemplate\":\"https:\/\/roydiamantes.es\/fr\/?s={search_term_string}\"},\"query-input\":{\"@type\":\"PropertyValueSpecification\",\"valueRequired\":true,\"valueName\":\"search_term_string\"}}],\"inLanguage\":\"ca\"},{\"@type\":\"Organization\",\"@id\":\"https:\/\/roydiamantes.es\/fr\/#organization\",\"name\":\"Roy Diamantes Industriales S.L\",\"url\":\"https:\/\/roydiamantes.es\/fr\/\",\"logo\":{\"@type\":\"ImageObject\",\"inLanguage\":\"ca\",\"@id\":\"https:\/\/roydiamantes.es\/fr\/#\/schema\/logo\/image\/\",\"url\":\"https:\/\/roydiamantes.es\/wp-content\/uploads\/2023\/03\/Logo_RoyDiamantes-logo-web.png\",\"contentUrl\":\"https:\/\/roydiamantes.es\/wp-content\/uploads\/2023\/03\/Logo_RoyDiamantes-logo-web.png\",\"width\":1898,\"height\":1582,\"caption\":\"Roy Diamantes Industriales S.L\"},\"image\":{\"@id\":\"https:\/\/roydiamantes.es\/fr\/#\/schema\/logo\/image\/\"}}]}<\/script>\n<!-- \/ Yoast SEO plugin. -->","yoast_head_json":{"title":"MET\u00c0L\u00b7LICA - Roy Diamantes Industriales S.L","robots":{"index":"index","follow":"follow","max-snippet":"max-snippet:-1","max-image-preview":"max-image-preview:large","max-video-preview":"max-video-preview:-1"},"canonical":"https:\/\/roydiamantes.es\/en\/metallic\/","og_locale":"ca_ES","og_type":"article","og_title":"MET\u00c0L\u00b7LICA - Roy Diamantes Industriales S.L","og_description":"MOLGUIS DIAMANT ACABAT MET\u00c0L\u00b7LICA Les moles met\u00e0l\u00b7liques tenen una major duresa i resist\u00e8ncia al desgast que les de resina; encara que tenen una menor capacitat de tall i es genera m\u00e9s temperatura. S&#8217;utilitzen quan el material a treballar \u00e9s molt abrasiu i\/o quan es requereix aguantar millor el perfil de la mola. Aquest tipus de &hellip; MET\u00c0L\u00b7LICA Llegeix m\u00e9s &raquo;","og_url":"https:\/\/roydiamantes.es\/en\/metallic\/","og_site_name":"Roy Diamantes Industriales S.L","article_modified_time":"2024-06-12T14:44:27+00:00","og_image":[{"url":"https:\/\/roydiamantes.es\/wp-content\/uploads\/2023\/03\/metalica_tipom-2-1024x682.png","type":"","width":"","height":""}],"twitter_card":"summary_large_image","twitter_misc":{"Temps estimat de lectura":"1 minut"},"schema":{"@context":"https:\/\/schema.org","@graph":[{"@type":"WebPage","@id":"https:\/\/roydiamantes.es\/en\/metallic\/","url":"https:\/\/roydiamantes.es\/en\/metallic\/","name":"MET\u00c0L\u00b7LICA - Roy Diamantes Industriales S.L","isPartOf":{"@id":"https:\/\/roydiamantes.es\/fr\/#website"},"primaryImageOfPage":{"@id":"https:\/\/roydiamantes.es\/en\/metallic\/#primaryimage"},"image":{"@id":"https:\/\/roydiamantes.es\/en\/metallic\/#primaryimage"},"thumbnailUrl":"https:\/\/roydiamantes.es\/wp-content\/uploads\/2023\/03\/metalica_tipom-2-1024x682.png","datePublished":"2023-03-15T11:59:24+00:00","dateModified":"2024-06-12T14:44:27+00:00","breadcrumb":{"@id":"https:\/\/roydiamantes.es\/en\/metallic\/#breadcrumb"},"inLanguage":"ca","potentialAction":[{"@type":"ReadAction","target":["https:\/\/roydiamantes.es\/en\/metallic\/"]}]},{"@type":"ImageObject","inLanguage":"ca","@id":"https:\/\/roydiamantes.es\/en\/metallic\/#primaryimage","url":"https:\/\/roydiamantes.es\/wp-content\/uploads\/2023\/03\/metalica_tipom-2-1024x682.png","contentUrl":"https:\/\/roydiamantes.es\/wp-content\/uploads\/2023\/03\/metalica_tipom-2-1024x682.png"},{"@type":"BreadcrumbList","@id":"https:\/\/roydiamantes.es\/en\/metallic\/#breadcrumb","itemListElement":[{"@type":"ListItem","position":1,"name":"Portada","item":"https:\/\/roydiamantes.es\/en\/"},{"@type":"ListItem","position":2,"name":"MET\u00c0L\u00b7LICA"}]},{"@type":"WebSite","@id":"https:\/\/roydiamantes.es\/fr\/#website","url":"https:\/\/roydiamantes.es\/fr\/","name":"Roy Diamantes Industriales S.L","description":"Roy Diamantes","publisher":{"@id":"https:\/\/roydiamantes.es\/fr\/#organization"},"potentialAction":[{"@type":"SearchAction","target":{"@type":"EntryPoint","urlTemplate":"https:\/\/roydiamantes.es\/fr\/?s={search_term_string}"},"query-input":{"@type":"PropertyValueSpecification","valueRequired":true,"valueName":"search_term_string"}}],"inLanguage":"ca"},{"@type":"Organization","@id":"https:\/\/roydiamantes.es\/fr\/#organization","name":"Roy Diamantes Industriales S.L","url":"https:\/\/roydiamantes.es\/fr\/","logo":{"@type":"ImageObject","inLanguage":"ca","@id":"https:\/\/roydiamantes.es\/fr\/#\/schema\/logo\/image\/","url":"https:\/\/roydiamantes.es\/wp-content\/uploads\/2023\/03\/Logo_RoyDiamantes-logo-web.png","contentUrl":"https:\/\/roydiamantes.es\/wp-content\/uploads\/2023\/03\/Logo_RoyDiamantes-logo-web.png","width":1898,"height":1582,"caption":"Roy Diamantes Industriales S.L"},"image":{"@id":"https:\/\/roydiamantes.es\/fr\/#\/schema\/logo\/image\/"}}]}},"_links":{"self":[{"href":"https:\/\/roydiamantes.es\/ca\/wp-json\/wp\/v2\/pages\/1272","targetHints":{"allow":["GET"]}}],"collection":[{"href":"https:\/\/roydiamantes.es\/ca\/wp-json\/wp\/v2\/pages"}],"about":[{"href":"https:\/\/roydiamantes.es\/ca\/wp-json\/wp\/v2\/types\/page"}],"author":[{"embeddable":true,"href":"https:\/\/roydiamantes.es\/ca\/wp-json\/wp\/v2\/users\/1"}],"replies":[{"embeddable":true,"href":"https:\/\/roydiamantes.es\/ca\/wp-json\/wp\/v2\/comments?post=1272"}],"version-history":[{"count":7,"href":"https:\/\/roydiamantes.es\/ca\/wp-json\/wp\/v2\/pages\/1272\/revisions"}],"predecessor-version":[{"id":2737,"href":"https:\/\/roydiamantes.es\/ca\/wp-json\/wp\/v2\/pages\/1272\/revisions\/2737"}],"wp:attachment":[{"href":"https:\/\/roydiamantes.es\/ca\/wp-json\/wp\/v2\/media?parent=1272"}],"curies":[{"name":"wp","href":"https:\/\/api.w.org\/{rel}","templated":true}]}}