{"id":1274,"date":"2023-03-15T11:47:48","date_gmt":"2023-03-15T11:47:48","guid":{"rendered":"https:\/\/roydiamantes.creacomtest.com\/resina\/"},"modified":"2024-06-12T14:43:30","modified_gmt":"2024-06-12T14:43:30","slug":"resina","status":"publish","type":"page","link":"https:\/\/roydiamantes.es\/ca\/resina\/","title":{"rendered":"RESINA"},"content":{"rendered":"\t\t<div data-elementor-type=\"wp-page\" data-elementor-id=\"1274\" class=\"elementor elementor-1274 elementor-237\">\n\t\t\t\t\t\t<section class=\"elementor-section elementor-top-section elementor-element elementor-element-4f727e05 elementor-section-boxed elementor-section-height-default elementor-section-height-default\" data-id=\"4f727e05\" data-element_type=\"section\" data-settings=\"{&quot;background_background&quot;:&quot;classic&quot;}\">\n\t\t\t\t\t\t\t<div class=\"elementor-background-overlay\"><\/div>\n\t\t\t\t\t\t\t<div class=\"elementor-container elementor-column-gap-no\">\n\t\t\t\t\t<div class=\"elementor-column elementor-col-100 elementor-top-column elementor-element elementor-element-2e6eb5bd\" data-id=\"2e6eb5bd\" data-element_type=\"column\">\n\t\t\t<div class=\"elementor-widget-wrap elementor-element-populated\">\n\t\t\t\t\t\t<div class=\"elementor-element elementor-element-0d2be57 elementor-view-default elementor-widget elementor-widget-icon\" data-id=\"0d2be57\" data-element_type=\"widget\" data-widget_type=\"icon.default\">\n\t\t\t\t<div class=\"elementor-widget-container\">\n\t\t\t\t\t\t\t<div class=\"elementor-icon-wrapper\">\n\t\t\t<div class=\"elementor-icon\">\n\t\t\t<svg xmlns=\"http:\/\/www.w3.org\/2000\/svg\" id=\"Capa_1\" viewBox=\"0 0 150 150\"><path d=\"m74.76,150c-16.34-16.39-32.38-32.35-48.28-48.45-8.21-8.32-16.18-16.88-24.29-25.3-1.08-1.12-1.59-1.89-.21-3.29C24.27,50.38,46.5,27.75,68.76,5.14c1.36-1.38,2.86-2.62,4.12-4.08,1.25-1.44,2.33-1.37,3.58-.1,8.16,8.26,16.35,16.49,24.5,24.77,15.4,15.66,30.78,31.33,46.17,47.01.58.59,1.12,1.21,1.73,1.87-24.7,25.13-49.27,50.13-74.1,75.39Zm22.3-71.91c4.14-1.96,5.55-5.12,5.93-8.78.23-2.17.14-4.37.12-6.56-.04-3.67-2.1-6.77-5.67-7.74-3.3-.9-6.74-1.71-10.13-1.77-11.69-.21-23.4-.05-35.09-.12-1.82-.01-2.51.49-2.5,2.42.07,13.89.11,27.77,0,41.66-.02,2.32.75,2.89,2.9,2.78,1.95-.1,3.65.16,3.5-2.77-.24-4.7-.15-9.42-.19-14.14q-.03-3.34,3.19-3.34c8.58,0,17.17-.07,25.75.04,2.24.03,4.46.61,6.7.93,2.96.42,4.07,2.41,4.23,5.1.2,3.44.36,6.88.41,10.33.06,3.97,0,3.88,4.04,3.84,1.82-.02,2.39-.77,2.27-2.43-.17-2.52-.39-5.04-.4-7.56-.03-4.48-.33-8.8-5.08-11.88Z\"><\/path><path d=\"m73.18,57.5c4.96,0,9.93,0,14.89,0,.67,0,1.36-.04,2.01.08,5.12.89,6.5,2.53,6.6,7.76.15,7.82-1.1,9.58-9.16,9.91-10.16.41-20.35.15-30.53.05-.58,0-1.62-1.16-1.63-1.79-.11-4.62.05-9.25,0-13.87-.02-1.65.53-2.19,2.18-2.16,5.21.09,10.43.03,15.65.03Z\"><\/path><\/svg>\t\t\t<\/div>\n\t\t<\/div>\n\t\t\t\t\t\t<\/div>\n\t\t\t\t<\/div>\n\t\t\t\t\t<\/div>\n\t\t<\/div>\n\t\t\t\t\t<\/div>\n\t\t<\/section>\n\t\t\t\t<section class=\"elementor-section elementor-top-section elementor-element elementor-element-816d781 elementor-section-boxed elementor-section-height-default elementor-section-height-default\" data-id=\"816d781\" data-element_type=\"section\">\n\t\t\t\t\t\t<div class=\"elementor-container elementor-column-gap-default\">\n\t\t\t\t\t<div class=\"elementor-column elementor-col-100 elementor-top-column elementor-element elementor-element-83dc565\" data-id=\"83dc565\" data-element_type=\"column\">\n\t\t\t<div class=\"elementor-widget-wrap elementor-element-populated\">\n\t\t\t\t\t\t<div class=\"elementor-element elementor-element-f04a4b2 elementor-widget elementor-widget-image\" data-id=\"f04a4b2\" data-element_type=\"widget\" data-widget_type=\"image.default\">\n\t\t\t\t<div class=\"elementor-widget-container\">\n\t\t\t\t\t\t\t\t\t\t\t\t\t\t\t\t<a href=\"https:\/\/roydiamantes.es\/wp-content\/uploads\/2023\/03\/resina-tipor.png\" data-elementor-open-lightbox=\"yes\" data-elementor-lightbox-title=\"resina-tipor\" data-e-action-hash=\"#elementor-action%3Aaction%3Dlightbox%26settings%3DeyJpZCI6MTEyMSwidXJsIjoiaHR0cHM6XC9cL3JveWRpYW1hbnRlcy5lc1wvd3AtY29udGVudFwvdXBsb2Fkc1wvMjAyM1wvMDNcL3Jlc2luYS10aXBvci5wbmcifQ%3D%3D\">\n\t\t\t\t\t\t\t<img fetchpriority=\"high\" decoding=\"async\" width=\"1024\" height=\"682\" src=\"https:\/\/roydiamantes.es\/wp-content\/uploads\/2023\/03\/resina-tipor-1024x682.png\" class=\"attachment-large size-large wp-image-1121\" alt=\"\" srcset=\"https:\/\/roydiamantes.es\/wp-content\/uploads\/2023\/03\/resina-tipor-1024x682.png 1024w, https:\/\/roydiamantes.es\/wp-content\/uploads\/2023\/03\/resina-tipor-300x200.png 300w, https:\/\/roydiamantes.es\/wp-content\/uploads\/2023\/03\/resina-tipor-768x512.png 768w, https:\/\/roydiamantes.es\/wp-content\/uploads\/2023\/03\/resina-tipor-1536x1024.png 1536w, https:\/\/roydiamantes.es\/wp-content\/uploads\/2023\/03\/resina-tipor.png 1772w\" sizes=\"(max-width: 1024px) 100vw, 1024px\" \/>\t\t\t\t\t\t\t\t<\/a>\n\t\t\t\t\t\t\t\t\t\t\t\t\t\t\t<\/div>\n\t\t\t\t<\/div>\n\t\t\t\t<section class=\"elementor-section elementor-inner-section elementor-element elementor-element-eaf981f elementor-section-boxed elementor-section-height-default elementor-section-height-default\" data-id=\"eaf981f\" data-element_type=\"section\">\n\t\t\t\t\t\t<div class=\"elementor-container elementor-column-gap-no\">\n\t\t\t\t\t<div class=\"elementor-column elementor-col-100 elementor-inner-column elementor-element elementor-element-c8eec7e\" data-id=\"c8eec7e\" data-element_type=\"column\">\n\t\t\t<div class=\"elementor-widget-wrap elementor-element-populated\">\n\t\t\t\t\t\t<div class=\"elementor-element elementor-element-3033febf elementor-widget elementor-widget-text-editor\" data-id=\"3033febf\" data-element_type=\"widget\" data-widget_type=\"text-editor.default\">\n\t\t\t\t<div class=\"elementor-widget-container\">\n\t\t\t\t\t\t\t\t\t<p>MOLGUIS DIAMANT ACABAT<\/p>\n\t\t\t\t\t\t\t\t<\/div>\n\t\t\t\t<\/div>\n\t\t\t\t<div class=\"elementor-element elementor-element-4c161fde elementor-widget elementor-widget-heading\" data-id=\"4c161fde\" data-element_type=\"widget\" data-widget_type=\"heading.default\">\n\t\t\t\t<div class=\"elementor-widget-container\">\n\t\t\t\t\t<h2 class=\"elementor-heading-title elementor-size-default\">RESINA<\/h2>\t\t\t\t<\/div>\n\t\t\t\t<\/div>\n\t\t\t\t<div class=\"elementor-element elementor-element-25b54c5a elementor-widget elementor-widget-text-editor\" data-id=\"25b54c5a\" data-element_type=\"widget\" data-widget_type=\"text-editor.default\">\n\t\t\t\t<div class=\"elementor-widget-container\">\n\t\t\t\t\t\t\t\t\t<p class=\"p_textstyle_19259\">\u00c9s l&#8217;aglomerant m\u00e9s utilitzat en la fabricaci\u00f3 de moles super abrasives a causa de les seves caracter\u00edstiques, que combinen diferents avantatges.<\/p><p class=\"p_textstyle_19259\">Els moles resinoides proporcionen una bona capacitat d&#8217;arrencada, un rectificat suau, una baixa pressi\u00f3 de rectificat, un baix escalfament de la pe\u00e7a. Tot aix\u00f2 amb una bona durada i un preu contingut.<\/p><p class=\"p_textstyle_19259\">Existeixen amb aglomerant de resina que permeten treballar en sec, sense refrigeraci\u00f3.<\/p>\t\t\t\t\t\t\t\t<\/div>\n\t\t\t\t<\/div>\n\t\t\t\t\t<\/div>\n\t\t<\/div>\n\t\t\t\t\t<\/div>\n\t\t<\/section>\n\t\t\t\t<div class=\"elementor-element elementor-element-b693590 elementor-widget elementor-widget-spacer\" data-id=\"b693590\" data-element_type=\"widget\" data-widget_type=\"spacer.default\">\n\t\t\t\t<div class=\"elementor-widget-container\">\n\t\t\t\t\t\t\t<div class=\"elementor-spacer\">\n\t\t\t<div class=\"elementor-spacer-inner\"><\/div>\n\t\t<\/div>\n\t\t\t\t\t\t<\/div>\n\t\t\t\t<\/div>\n\t\t\t\t<div class=\"elementor-element elementor-element-9179581 elementor-arrows-position-outside elementor-widget elementor-widget-image-carousel\" data-id=\"9179581\" data-element_type=\"widget\" data-settings=\"{&quot;slides_to_show&quot;:&quot;5&quot;,&quot;slides_to_show_tablet&quot;:&quot;3&quot;,&quot;slides_to_show_mobile&quot;:&quot;1&quot;,&quot;navigation&quot;:&quot;arrows&quot;,&quot;autoplay&quot;:&quot;yes&quot;,&quot;pause_on_hover&quot;:&quot;yes&quot;,&quot;pause_on_interaction&quot;:&quot;yes&quot;,&quot;autoplay_speed&quot;:5000,&quot;infinite&quot;:&quot;yes&quot;,&quot;speed&quot;:500}\" data-widget_type=\"image-carousel.default\">\n\t\t\t\t<div class=\"elementor-widget-container\">\n\t\t\t\t\t\t\t<div class=\"elementor-image-carousel-wrapper swiper\" role=\"region\" aria-roledescription=\"carousel\" aria-label=\"Carrusel d&#039;imatges\" dir=\"ltr\">\n\t\t\t<div class=\"elementor-image-carousel swiper-wrapper\" aria-live=\"off\">\n\t\t\t\t\t\t\t\t<div class=\"swiper-slide\" role=\"group\" aria-roledescription=\"slide\" aria-label=\"1 de 9\"><a data-elementor-open-lightbox=\"yes\" data-elementor-lightbox-slideshow=\"9179581\" data-elementor-lightbox-title=\"1\" data-e-action-hash=\"#elementor-action%3Aaction%3Dlightbox%26settings%3DeyJpZCI6MTE3OCwidXJsIjoiaHR0cHM6XC9cL3JveWRpYW1hbnRlcy5lc1wvd3AtY29udGVudFwvdXBsb2Fkc1wvMjAyM1wvMDNcLzEtMi1zY2FsZWQuanBnIiwic2xpZGVzaG93IjoiOTE3OTU4MSJ9\" href=\"https:\/\/roydiamantes.es\/wp-content\/uploads\/2023\/03\/1-2-scaled.jpg\"><figure class=\"swiper-slide-inner\"><img decoding=\"async\" class=\"swiper-slide-image\" src=\"https:\/\/roydiamantes.es\/wp-content\/uploads\/2023\/03\/1-2-768x512.jpg\" alt=\"1\" \/><\/figure><\/a><\/div><div class=\"swiper-slide\" role=\"group\" aria-roledescription=\"slide\" aria-label=\"2 de 9\"><a data-elementor-open-lightbox=\"yes\" data-elementor-lightbox-slideshow=\"9179581\" data-elementor-lightbox-title=\"2\" data-e-action-hash=\"#elementor-action%3Aaction%3Dlightbox%26settings%3DeyJpZCI6MTE4MSwidXJsIjoiaHR0cHM6XC9cL3JveWRpYW1hbnRlcy5lc1wvd3AtY29udGVudFwvdXBsb2Fkc1wvMjAyM1wvMDNcLzItMi1zY2FsZWQuanBnIiwic2xpZGVzaG93IjoiOTE3OTU4MSJ9\" href=\"https:\/\/roydiamantes.es\/wp-content\/uploads\/2023\/03\/2-2-scaled.jpg\"><figure class=\"swiper-slide-inner\"><img decoding=\"async\" class=\"swiper-slide-image\" src=\"https:\/\/roydiamantes.es\/wp-content\/uploads\/2023\/03\/2-2-768x512.jpg\" alt=\"2\" \/><\/figure><\/a><\/div><div class=\"swiper-slide\" role=\"group\" aria-roledescription=\"slide\" aria-label=\"3 de 9\"><a data-elementor-open-lightbox=\"yes\" data-elementor-lightbox-slideshow=\"9179581\" data-elementor-lightbox-title=\"3\" data-e-action-hash=\"#elementor-action%3Aaction%3Dlightbox%26settings%3DeyJpZCI6MTE4NCwidXJsIjoiaHR0cHM6XC9cL3JveWRpYW1hbnRlcy5lc1wvd3AtY29udGVudFwvdXBsb2Fkc1wvMjAyM1wvMDNcLzMtMi1zY2FsZWQuanBnIiwic2xpZGVzaG93IjoiOTE3OTU4MSJ9\" href=\"https:\/\/roydiamantes.es\/wp-content\/uploads\/2023\/03\/3-2-scaled.jpg\"><figure class=\"swiper-slide-inner\"><img decoding=\"async\" class=\"swiper-slide-image\" src=\"https:\/\/roydiamantes.es\/wp-content\/uploads\/2023\/03\/3-2-768x512.jpg\" alt=\"3\" \/><\/figure><\/a><\/div><div class=\"swiper-slide\" role=\"group\" aria-roledescription=\"slide\" aria-label=\"4 de 9\"><a data-elementor-open-lightbox=\"yes\" data-elementor-lightbox-slideshow=\"9179581\" data-elementor-lightbox-title=\"4\" data-e-action-hash=\"#elementor-action%3Aaction%3Dlightbox%26settings%3DeyJpZCI6MTE4NywidXJsIjoiaHR0cHM6XC9cL3JveWRpYW1hbnRlcy5lc1wvd3AtY29udGVudFwvdXBsb2Fkc1wvMjAyM1wvMDNcLzQtMi1zY2FsZWQuanBnIiwic2xpZGVzaG93IjoiOTE3OTU4MSJ9\" href=\"https:\/\/roydiamantes.es\/wp-content\/uploads\/2023\/03\/4-2-scaled.jpg\"><figure class=\"swiper-slide-inner\"><img decoding=\"async\" class=\"swiper-slide-image\" src=\"https:\/\/roydiamantes.es\/wp-content\/uploads\/2023\/03\/4-2-768x512.jpg\" alt=\"4\" \/><\/figure><\/a><\/div><div class=\"swiper-slide\" role=\"group\" aria-roledescription=\"slide\" aria-label=\"5 de 9\"><a data-elementor-open-lightbox=\"yes\" data-elementor-lightbox-slideshow=\"9179581\" data-elementor-lightbox-title=\"5\" data-e-action-hash=\"#elementor-action%3Aaction%3Dlightbox%26settings%3DeyJpZCI6MTE5MCwidXJsIjoiaHR0cHM6XC9cL3JveWRpYW1hbnRlcy5lc1wvd3AtY29udGVudFwvdXBsb2Fkc1wvMjAyM1wvMDNcLzUtMi1zY2FsZWQuanBnIiwic2xpZGVzaG93IjoiOTE3OTU4MSJ9\" href=\"https:\/\/roydiamantes.es\/wp-content\/uploads\/2023\/03\/5-2-scaled.jpg\"><figure class=\"swiper-slide-inner\"><img decoding=\"async\" class=\"swiper-slide-image\" src=\"https:\/\/roydiamantes.es\/wp-content\/uploads\/2023\/03\/5-2-768x512.jpg\" alt=\"5\" \/><\/figure><\/a><\/div><div class=\"swiper-slide\" role=\"group\" aria-roledescription=\"slide\" aria-label=\"6 de 9\"><a data-elementor-open-lightbox=\"yes\" data-elementor-lightbox-slideshow=\"9179581\" data-elementor-lightbox-title=\"6\" data-e-action-hash=\"#elementor-action%3Aaction%3Dlightbox%26settings%3DeyJpZCI6MTE5MywidXJsIjoiaHR0cHM6XC9cL3JveWRpYW1hbnRlcy5lc1wvd3AtY29udGVudFwvdXBsb2Fkc1wvMjAyM1wvMDNcLzYtMi1zY2FsZWQuanBnIiwic2xpZGVzaG93IjoiOTE3OTU4MSJ9\" href=\"https:\/\/roydiamantes.es\/wp-content\/uploads\/2023\/03\/6-2-scaled.jpg\"><figure class=\"swiper-slide-inner\"><img decoding=\"async\" class=\"swiper-slide-image\" src=\"https:\/\/roydiamantes.es\/wp-content\/uploads\/2023\/03\/6-2-768x512.jpg\" alt=\"6\" \/><\/figure><\/a><\/div><div class=\"swiper-slide\" role=\"group\" aria-roledescription=\"slide\" aria-label=\"7 de 9\"><a data-elementor-open-lightbox=\"yes\" data-elementor-lightbox-slideshow=\"9179581\" data-elementor-lightbox-title=\"7\" data-e-action-hash=\"#elementor-action%3Aaction%3Dlightbox%26settings%3DeyJpZCI6MTE5NiwidXJsIjoiaHR0cHM6XC9cL3JveWRpYW1hbnRlcy5lc1wvd3AtY29udGVudFwvdXBsb2Fkc1wvMjAyM1wvMDNcLzctMi1zY2FsZWQuanBnIiwic2xpZGVzaG93IjoiOTE3OTU4MSJ9\" href=\"https:\/\/roydiamantes.es\/wp-content\/uploads\/2023\/03\/7-2-scaled.jpg\"><figure class=\"swiper-slide-inner\"><img decoding=\"async\" class=\"swiper-slide-image\" src=\"https:\/\/roydiamantes.es\/wp-content\/uploads\/2023\/03\/7-2-768x512.jpg\" alt=\"7\" \/><\/figure><\/a><\/div><div class=\"swiper-slide\" role=\"group\" aria-roledescription=\"slide\" aria-label=\"8 de 9\"><a data-elementor-open-lightbox=\"yes\" data-elementor-lightbox-slideshow=\"9179581\" data-elementor-lightbox-title=\"8\" data-e-action-hash=\"#elementor-action%3Aaction%3Dlightbox%26settings%3DeyJpZCI6MTE5OSwidXJsIjoiaHR0cHM6XC9cL3JveWRpYW1hbnRlcy5lc1wvd3AtY29udGVudFwvdXBsb2Fkc1wvMjAyM1wvMDNcLzgtMi1zY2FsZWQuanBnIiwic2xpZGVzaG93IjoiOTE3OTU4MSJ9\" href=\"https:\/\/roydiamantes.es\/wp-content\/uploads\/2023\/03\/8-2-scaled.jpg\"><figure class=\"swiper-slide-inner\"><img decoding=\"async\" class=\"swiper-slide-image\" src=\"https:\/\/roydiamantes.es\/wp-content\/uploads\/2023\/03\/8-2-768x512.jpg\" alt=\"8\" \/><\/figure><\/a><\/div><div class=\"swiper-slide\" role=\"group\" aria-roledescription=\"slide\" aria-label=\"9 de 9\"><a data-elementor-open-lightbox=\"yes\" data-elementor-lightbox-slideshow=\"9179581\" data-elementor-lightbox-title=\"10\" data-e-action-hash=\"#elementor-action%3Aaction%3Dlightbox%26settings%3DeyJpZCI6MTIwMiwidXJsIjoiaHR0cHM6XC9cL3JveWRpYW1hbnRlcy5lc1wvd3AtY29udGVudFwvdXBsb2Fkc1wvMjAyM1wvMDNcLzEwLTItc2NhbGVkLmpwZyIsInNsaWRlc2hvdyI6IjkxNzk1ODEifQ%3D%3D\" href=\"https:\/\/roydiamantes.es\/wp-content\/uploads\/2023\/03\/10-2-scaled.jpg\"><figure class=\"swiper-slide-inner\"><img decoding=\"async\" class=\"swiper-slide-image\" src=\"https:\/\/roydiamantes.es\/wp-content\/uploads\/2023\/03\/10-2-768x512.jpg\" alt=\"10\" \/><\/figure><\/a><\/div>\t\t\t<\/div>\n\t\t\t\t\t\t\t\t\t\t\t\t<div class=\"elementor-swiper-button elementor-swiper-button-prev\" role=\"button\" tabindex=\"0\">\n\t\t\t\t\t\t<i aria-hidden=\"true\" class=\"eicon-chevron-left\"><\/i>\t\t\t\t\t<\/div>\n\t\t\t\t\t<div class=\"elementor-swiper-button elementor-swiper-button-next\" role=\"button\" tabindex=\"0\">\n\t\t\t\t\t\t<i aria-hidden=\"true\" class=\"eicon-chevron-right\"><\/i>\t\t\t\t\t<\/div>\n\t\t\t\t\n\t\t\t\t\t\t\t\t\t<\/div>\n\t\t\t\t\t\t<\/div>\n\t\t\t\t<\/div>\n\t\t\t\t\t<\/div>\n\t\t<\/div>\n\t\t\t\t\t<\/div>\n\t\t<\/section>\n\t\t\t\t<section class=\"elementor-section elementor-top-section elementor-element elementor-element-128edd0 elementor-section-boxed elementor-section-height-default elementor-section-height-default\" data-id=\"128edd0\" data-element_type=\"section\">\n\t\t\t\t\t\t<div class=\"elementor-container elementor-column-gap-no\">\n\t\t\t\t\t<div class=\"elementor-column elementor-col-100 elementor-top-column elementor-element elementor-element-5dc25e94\" data-id=\"5dc25e94\" data-element_type=\"column\">\n\t\t\t<div class=\"elementor-widget-wrap\">\n\t\t\t\t\t\t\t<\/div>\n\t\t<\/div>\n\t\t\t\t\t<\/div>\n\t\t<\/section>\n\t\t\t\t<\/div>\n\t\t","protected":false},"excerpt":{"rendered":"<p>MOLGUIS DIAMANT ACABAT RESINA \u00c9s l&#8217;aglomerant m\u00e9s utilitzat en la fabricaci\u00f3 de moles super abrasives a causa de les seves caracter\u00edstiques, que combinen diferents avantatges. Els moles resinoides proporcionen una bona capacitat d&#8217;arrencada, un rectificat suau, una baixa pressi\u00f3 de rectificat, un baix escalfament de la pe\u00e7a. Tot aix\u00f2 amb una bona durada i un &hellip;<\/p>\n<p class=\"read-more\"> <a class=\"\" href=\"https:\/\/roydiamantes.es\/ca\/resina\/\"> <span class=\"screen-reader-text\">RESINA<\/span> Llegeix m\u00e9s &raquo;<\/a><\/p>\n","protected":false},"author":1,"featured_media":0,"parent":0,"menu_order":0,"comment_status":"closed","ping_status":"closed","template":"","meta":{"site-sidebar-layout":"no-sidebar","site-content-layout":"page-builder","ast-global-header-display":"","ast-main-header-display":"","ast-hfb-above-header-display":"","ast-hfb-below-header-display":"","ast-hfb-mobile-header-display":"","site-post-title":"disabled","ast-breadcrumbs-content":"","ast-featured-img":"disabled","footer-sml-layout":"","theme-transparent-header-meta":"","adv-header-id-meta":"","stick-header-meta":"","header-above-stick-meta":"","header-main-stick-meta":"","header-below-stick-meta":"","footnotes":""},"class_list":["post-1274","page","type-page","status-publish","hentry"],"yoast_head":"<!-- This site is optimized with the Yoast SEO plugin v24.7 - https:\/\/yoast.com\/wordpress\/plugins\/seo\/ -->\n<title>RESINA - Roy Diamantes Industriales S.L<\/title>\n<meta name=\"robots\" content=\"index, follow, max-snippet:-1, max-image-preview:large, max-video-preview:-1\" \/>\n<link rel=\"canonical\" href=\"https:\/\/roydiamantes.es\/en\/resin\/\" \/>\n<meta property=\"og:locale\" content=\"ca_ES\" \/>\n<meta property=\"og:type\" content=\"article\" \/>\n<meta property=\"og:title\" content=\"RESINA - Roy Diamantes Industriales S.L\" \/>\n<meta property=\"og:description\" content=\"MOLGUIS DIAMANT ACABAT RESINA \u00c9s l&#8217;aglomerant m\u00e9s utilitzat en la fabricaci\u00f3 de moles super abrasives a causa de les seves caracter\u00edstiques, que combinen diferents avantatges. Els moles resinoides proporcionen una bona capacitat d&#8217;arrencada, un rectificat suau, una baixa pressi\u00f3 de rectificat, un baix escalfament de la pe\u00e7a. Tot aix\u00f2 amb una bona durada i un &hellip; RESINA Llegeix m\u00e9s &raquo;\" \/>\n<meta property=\"og:url\" content=\"https:\/\/roydiamantes.es\/en\/resin\/\" \/>\n<meta property=\"og:site_name\" content=\"Roy Diamantes Industriales S.L\" \/>\n<meta property=\"article:modified_time\" content=\"2024-06-12T14:43:30+00:00\" \/>\n<meta property=\"og:image\" content=\"https:\/\/roydiamantes.es\/wp-content\/uploads\/2023\/03\/resina-tipor-1024x682.png\" \/>\n<meta name=\"twitter:card\" content=\"summary_large_image\" \/>\n<meta name=\"twitter:label1\" content=\"Temps estimat de lectura\" \/>\n\t<meta name=\"twitter:data1\" content=\"5 minuts\" \/>\n<script type=\"application\/ld+json\" class=\"yoast-schema-graph\">{\"@context\":\"https:\/\/schema.org\",\"@graph\":[{\"@type\":\"WebPage\",\"@id\":\"https:\/\/roydiamantes.es\/en\/resin\/\",\"url\":\"https:\/\/roydiamantes.es\/en\/resin\/\",\"name\":\"RESINA - Roy Diamantes Industriales S.L\",\"isPartOf\":{\"@id\":\"https:\/\/roydiamantes.es\/fr\/#website\"},\"primaryImageOfPage\":{\"@id\":\"https:\/\/roydiamantes.es\/en\/resin\/#primaryimage\"},\"image\":{\"@id\":\"https:\/\/roydiamantes.es\/en\/resin\/#primaryimage\"},\"thumbnailUrl\":\"https:\/\/roydiamantes.es\/wp-content\/uploads\/2023\/03\/resina-tipor-1024x682.png\",\"datePublished\":\"2023-03-15T11:47:48+00:00\",\"dateModified\":\"2024-06-12T14:43:30+00:00\",\"breadcrumb\":{\"@id\":\"https:\/\/roydiamantes.es\/en\/resin\/#breadcrumb\"},\"inLanguage\":\"ca\",\"potentialAction\":[{\"@type\":\"ReadAction\",\"target\":[\"https:\/\/roydiamantes.es\/en\/resin\/\"]}]},{\"@type\":\"ImageObject\",\"inLanguage\":\"ca\",\"@id\":\"https:\/\/roydiamantes.es\/en\/resin\/#primaryimage\",\"url\":\"https:\/\/roydiamantes.es\/wp-content\/uploads\/2023\/03\/resina-tipor-1024x682.png\",\"contentUrl\":\"https:\/\/roydiamantes.es\/wp-content\/uploads\/2023\/03\/resina-tipor-1024x682.png\"},{\"@type\":\"BreadcrumbList\",\"@id\":\"https:\/\/roydiamantes.es\/en\/resin\/#breadcrumb\",\"itemListElement\":[{\"@type\":\"ListItem\",\"position\":1,\"name\":\"Portada\",\"item\":\"https:\/\/roydiamantes.es\/en\/\"},{\"@type\":\"ListItem\",\"position\":2,\"name\":\"RESINA\"}]},{\"@type\":\"WebSite\",\"@id\":\"https:\/\/roydiamantes.es\/fr\/#website\",\"url\":\"https:\/\/roydiamantes.es\/fr\/\",\"name\":\"Roy Diamantes Industriales S.L\",\"description\":\"Roy Diamantes\",\"publisher\":{\"@id\":\"https:\/\/roydiamantes.es\/fr\/#organization\"},\"potentialAction\":[{\"@type\":\"SearchAction\",\"target\":{\"@type\":\"EntryPoint\",\"urlTemplate\":\"https:\/\/roydiamantes.es\/fr\/?s={search_term_string}\"},\"query-input\":{\"@type\":\"PropertyValueSpecification\",\"valueRequired\":true,\"valueName\":\"search_term_string\"}}],\"inLanguage\":\"ca\"},{\"@type\":\"Organization\",\"@id\":\"https:\/\/roydiamantes.es\/fr\/#organization\",\"name\":\"Roy Diamantes Industriales S.L\",\"url\":\"https:\/\/roydiamantes.es\/fr\/\",\"logo\":{\"@type\":\"ImageObject\",\"inLanguage\":\"ca\",\"@id\":\"https:\/\/roydiamantes.es\/fr\/#\/schema\/logo\/image\/\",\"url\":\"https:\/\/roydiamantes.es\/wp-content\/uploads\/2023\/03\/Logo_RoyDiamantes-logo-web.png\",\"contentUrl\":\"https:\/\/roydiamantes.es\/wp-content\/uploads\/2023\/03\/Logo_RoyDiamantes-logo-web.png\",\"width\":1898,\"height\":1582,\"caption\":\"Roy Diamantes Industriales S.L\"},\"image\":{\"@id\":\"https:\/\/roydiamantes.es\/fr\/#\/schema\/logo\/image\/\"}}]}<\/script>\n<!-- \/ Yoast SEO plugin. -->","yoast_head_json":{"title":"RESINA - Roy Diamantes Industriales S.L","robots":{"index":"index","follow":"follow","max-snippet":"max-snippet:-1","max-image-preview":"max-image-preview:large","max-video-preview":"max-video-preview:-1"},"canonical":"https:\/\/roydiamantes.es\/en\/resin\/","og_locale":"ca_ES","og_type":"article","og_title":"RESINA - Roy Diamantes Industriales S.L","og_description":"MOLGUIS DIAMANT ACABAT RESINA \u00c9s l&#8217;aglomerant m\u00e9s utilitzat en la fabricaci\u00f3 de moles super abrasives a causa de les seves caracter\u00edstiques, que combinen diferents avantatges. Els moles resinoides proporcionen una bona capacitat d&#8217;arrencada, un rectificat suau, una baixa pressi\u00f3 de rectificat, un baix escalfament de la pe\u00e7a. Tot aix\u00f2 amb una bona durada i un &hellip; RESINA Llegeix m\u00e9s &raquo;","og_url":"https:\/\/roydiamantes.es\/en\/resin\/","og_site_name":"Roy Diamantes Industriales S.L","article_modified_time":"2024-06-12T14:43:30+00:00","og_image":[{"url":"https:\/\/roydiamantes.es\/wp-content\/uploads\/2023\/03\/resina-tipor-1024x682.png","type":"","width":"","height":""}],"twitter_card":"summary_large_image","twitter_misc":{"Temps estimat de lectura":"5 minuts"},"schema":{"@context":"https:\/\/schema.org","@graph":[{"@type":"WebPage","@id":"https:\/\/roydiamantes.es\/en\/resin\/","url":"https:\/\/roydiamantes.es\/en\/resin\/","name":"RESINA - Roy Diamantes Industriales S.L","isPartOf":{"@id":"https:\/\/roydiamantes.es\/fr\/#website"},"primaryImageOfPage":{"@id":"https:\/\/roydiamantes.es\/en\/resin\/#primaryimage"},"image":{"@id":"https:\/\/roydiamantes.es\/en\/resin\/#primaryimage"},"thumbnailUrl":"https:\/\/roydiamantes.es\/wp-content\/uploads\/2023\/03\/resina-tipor-1024x682.png","datePublished":"2023-03-15T11:47:48+00:00","dateModified":"2024-06-12T14:43:30+00:00","breadcrumb":{"@id":"https:\/\/roydiamantes.es\/en\/resin\/#breadcrumb"},"inLanguage":"ca","potentialAction":[{"@type":"ReadAction","target":["https:\/\/roydiamantes.es\/en\/resin\/"]}]},{"@type":"ImageObject","inLanguage":"ca","@id":"https:\/\/roydiamantes.es\/en\/resin\/#primaryimage","url":"https:\/\/roydiamantes.es\/wp-content\/uploads\/2023\/03\/resina-tipor-1024x682.png","contentUrl":"https:\/\/roydiamantes.es\/wp-content\/uploads\/2023\/03\/resina-tipor-1024x682.png"},{"@type":"BreadcrumbList","@id":"https:\/\/roydiamantes.es\/en\/resin\/#breadcrumb","itemListElement":[{"@type":"ListItem","position":1,"name":"Portada","item":"https:\/\/roydiamantes.es\/en\/"},{"@type":"ListItem","position":2,"name":"RESINA"}]},{"@type":"WebSite","@id":"https:\/\/roydiamantes.es\/fr\/#website","url":"https:\/\/roydiamantes.es\/fr\/","name":"Roy Diamantes Industriales S.L","description":"Roy Diamantes","publisher":{"@id":"https:\/\/roydiamantes.es\/fr\/#organization"},"potentialAction":[{"@type":"SearchAction","target":{"@type":"EntryPoint","urlTemplate":"https:\/\/roydiamantes.es\/fr\/?s={search_term_string}"},"query-input":{"@type":"PropertyValueSpecification","valueRequired":true,"valueName":"search_term_string"}}],"inLanguage":"ca"},{"@type":"Organization","@id":"https:\/\/roydiamantes.es\/fr\/#organization","name":"Roy Diamantes Industriales S.L","url":"https:\/\/roydiamantes.es\/fr\/","logo":{"@type":"ImageObject","inLanguage":"ca","@id":"https:\/\/roydiamantes.es\/fr\/#\/schema\/logo\/image\/","url":"https:\/\/roydiamantes.es\/wp-content\/uploads\/2023\/03\/Logo_RoyDiamantes-logo-web.png","contentUrl":"https:\/\/roydiamantes.es\/wp-content\/uploads\/2023\/03\/Logo_RoyDiamantes-logo-web.png","width":1898,"height":1582,"caption":"Roy Diamantes Industriales S.L"},"image":{"@id":"https:\/\/roydiamantes.es\/fr\/#\/schema\/logo\/image\/"}}]}},"_links":{"self":[{"href":"https:\/\/roydiamantes.es\/ca\/wp-json\/wp\/v2\/pages\/1274","targetHints":{"allow":["GET"]}}],"collection":[{"href":"https:\/\/roydiamantes.es\/ca\/wp-json\/wp\/v2\/pages"}],"about":[{"href":"https:\/\/roydiamantes.es\/ca\/wp-json\/wp\/v2\/types\/page"}],"author":[{"embeddable":true,"href":"https:\/\/roydiamantes.es\/ca\/wp-json\/wp\/v2\/users\/1"}],"replies":[{"embeddable":true,"href":"https:\/\/roydiamantes.es\/ca\/wp-json\/wp\/v2\/comments?post=1274"}],"version-history":[{"count":4,"href":"https:\/\/roydiamantes.es\/ca\/wp-json\/wp\/v2\/pages\/1274\/revisions"}],"predecessor-version":[{"id":2731,"href":"https:\/\/roydiamantes.es\/ca\/wp-json\/wp\/v2\/pages\/1274\/revisions\/2731"}],"wp:attachment":[{"href":"https:\/\/roydiamantes.es\/ca\/wp-json\/wp\/v2\/media?parent=1274"}],"curies":[{"name":"wp","href":"https:\/\/api.w.org\/{rel}","templated":true}]}}