{"id":1362,"date":"2023-03-29T10:09:02","date_gmt":"2023-03-29T10:09:02","guid":{"rendered":"https:\/\/roydiamantes.creacomtest.com\/?page_id=1362"},"modified":"2023-03-29T10:43:39","modified_gmt":"2023-03-29T10:43:39","slug":"avis-legal","status":"publish","type":"page","link":"https:\/\/roydiamantes.es\/ca\/avis-legal\/","title":{"rendered":"AV\u00cdS LEGAL"},"content":{"rendered":"\t\t<div data-elementor-type=\"wp-page\" data-elementor-id=\"1362\" class=\"elementor elementor-1362 elementor-1361\">\n\t\t\t\t\t\t<section class=\"elementor-section elementor-top-section elementor-element elementor-element-16771fc1 elementor-section-full_width elementor-section-height-default elementor-section-height-default\" data-id=\"16771fc1\" data-element_type=\"section\">\n\t\t\t\t\t\t<div class=\"elementor-container elementor-column-gap-no\">\n\t\t\t\t\t<div class=\"elementor-column elementor-col-100 elementor-top-column elementor-element elementor-element-3fb7a0f4\" data-id=\"3fb7a0f4\" data-element_type=\"column\">\n\t\t\t<div class=\"elementor-widget-wrap elementor-element-populated\">\n\t\t\t\t\t\t<section class=\"elementor-section elementor-inner-section elementor-element elementor-element-545073f4 elementor-section-boxed elementor-section-height-default elementor-section-height-default\" data-id=\"545073f4\" data-element_type=\"section\">\n\t\t\t\t\t\t<div class=\"elementor-container elementor-column-gap-no\">\n\t\t\t\t\t<div class=\"elementor-column elementor-col-100 elementor-inner-column elementor-element elementor-element-2e003363\" data-id=\"2e003363\" data-element_type=\"column\">\n\t\t\t<div class=\"elementor-widget-wrap elementor-element-populated\">\n\t\t\t\t\t\t<div class=\"elementor-element elementor-element-33e77215 elementor-widget elementor-widget-text-editor\" data-id=\"33e77215\" data-element_type=\"widget\" data-widget_type=\"text-editor.default\">\n\t\t\t\t<div class=\"elementor-widget-container\">\n\t\t\t\t\t\t\t\t\t<p class=\"p_textstyle_19264\">ROY DIAMANTES<\/p>\n\t\t\t\t\t\t\t\t<\/div>\n\t\t\t\t<\/div>\n\t\t\t\t<div class=\"elementor-element elementor-element-188d49af elementor-widget elementor-widget-heading\" data-id=\"188d49af\" data-element_type=\"widget\" data-widget_type=\"heading.default\">\n\t\t\t\t<div class=\"elementor-widget-container\">\n\t\t\t\t\t<h1 class=\"elementor-heading-title elementor-size-default\">AV\u00cdS LEGAL<\/h1>\t\t\t\t<\/div>\n\t\t\t\t<\/div>\n\t\t\t\t\t<\/div>\n\t\t<\/div>\n\t\t\t\t\t<\/div>\n\t\t<\/section>\n\t\t\t\t\t<\/div>\n\t\t<\/div>\n\t\t\t\t\t<\/div>\n\t\t<\/section>\n\t\t\t\t<section class=\"elementor-section elementor-top-section elementor-element elementor-element-1c903bc3 elementor-section-stretched elementor-section-boxed elementor-section-height-default elementor-section-height-default\" data-id=\"1c903bc3\" data-element_type=\"section\" data-settings=\"{&quot;stretch_section&quot;:&quot;section-stretched&quot;,&quot;background_background&quot;:&quot;classic&quot;}\">\n\t\t\t\t\t\t<div class=\"elementor-container elementor-column-gap-default\">\n\t\t\t\t\t<div class=\"elementor-column elementor-col-100 elementor-top-column elementor-element elementor-element-55b77c83\" data-id=\"55b77c83\" data-element_type=\"column\">\n\t\t\t<div class=\"elementor-widget-wrap elementor-element-populated\">\n\t\t\t\t\t\t<div class=\"elementor-element elementor-element-10790272 elementor-widget elementor-widget-spacer\" data-id=\"10790272\" data-element_type=\"widget\" data-widget_type=\"spacer.default\">\n\t\t\t\t<div class=\"elementor-widget-container\">\n\t\t\t\t\t\t\t<div class=\"elementor-spacer\">\n\t\t\t<div class=\"elementor-spacer-inner\"><\/div>\n\t\t<\/div>\n\t\t\t\t\t\t<\/div>\n\t\t\t\t<\/div>\n\t\t\t\t<div class=\"elementor-element elementor-element-70a3b220 elementor-widget elementor-widget-text-editor\" data-id=\"70a3b220\" data-element_type=\"widget\" data-widget_type=\"text-editor.default\">\n\t\t\t\t<div class=\"elementor-widget-container\">\n\t\t\t\t\t\t\t\t\t<p><strong>1. OBJECTE:<\/strong><\/p><p>Aquesta nota legal cont\u00e9 les condicions que regulen l&#8217;\u00fas i acc\u00e9s al lloc web <a href=\"https:\/\/roydiamantes.es\/\">https:\/\/roydiamantes.es\/<\/a> (d&#8217;ara endavant el lloc o web) i les responsabilitats derivades de la seva utilitzaci\u00f3.<\/p><p>S&#8217;entendr\u00e0 que l&#8217;acc\u00e9s o la mera utilitzaci\u00f3 del lloc web per part de l&#8217;usuari implica l&#8217;adhesi\u00f3 del mateix a totes les condicions que ROY DIAMANTES INDUSTRIALES S. L. tingui publicades en aquell moment en la web.<\/p><p><strong>2. ACC\u00c9S I \u00daS DE LA WEB:<\/strong><\/p><p>L&#8217;acc\u00e9s i \u00fas de la Web t\u00e9 car\u00e0cter gratu\u00eft per als usuaris. L&#8217;acc\u00e9s i \u00fas de determinades informacions i serveis de la Web nom\u00e9s pot fer-se previ registre de l&#8217;usuari.<\/p><p>En cas del registre d&#8217;usuaris a trav\u00e9s d&#8217;identificadors i contrasenyes, tant l&#8217;identificador com la contrasenya pertanyeran exclusivament a la persona a qui se li concedeixen. L&#8217;usuari haur\u00e0 de mantenir sota la seva exclusiva responsabilitat tant l&#8217;identificador com la contrasenya en la confidencialitat m\u00e9s estricta i absoluta, assumint, per tant, quants danys o conseq\u00fc\u00e8ncies de tot tipus es derivin de la infracci\u00f3|trencament o revelaci\u00f3 del secret.<\/p><p><strong>3. UTILITZACI\u00d3 DE LA INFORMACI\u00d3:<\/strong><\/p><p>La propietat intel\u00b7lectual de la informaci\u00f3, dades, contingudes, bases de dades, dissenys, codis font, estructures de navegaci\u00f3 i altres serveis o productes integrats a la Web s\u00f3n propietat exclusiva ROY DIAMANTES INDUSTRIALES S. L., o b\u00e9 de les persones f\u00edsiques o jur\u00eddiques que s&#8217;informi en cada cas concret, per la qual cosa l&#8217;Usuari es compromet a no infringir cap dret derivat de la propietat industrial o intel\u00b7lectual, quedant expressament prohibida la reproducci\u00f3 total o parcial dels mateixos, la seva comunicaci\u00f3 p\u00fablica, distribuci\u00f3, o qualsevol forma d&#8217;explotaci\u00f3, llevat de consentiment expr\u00e9s i per escrit per part ROY DIAMANTES INDUSTRIALES S. L. o de les persones f\u00edsiques o jur\u00eddiques titulars dels drets d&#8217;explotaci\u00f3 segons el cas concret.<\/p><p>L&#8217;usuari es compromet a utilitzar l&#8217;esmentada informaci\u00f3 i serveis exclusivament per a les seves pr\u00f2pies necessitats i a no realitzar directament o indirectament una explotaci\u00f3 comercial dels serveis als quals t\u00e9 acc\u00e9s o dels resultats obtinguts gr\u00e0cies a la utilitzaci\u00f3 de la Web, llevat que hagi obtingut consentiment expr\u00e9s ROY DIAMANTES INDUSTRIALES S. L. o b\u00e9 de les persones f\u00edsiques o jur\u00eddiques titulars dels drets d&#8217;explotaci\u00f3 segons el cas concret. L&#8217;usuari s&#8217;obliga a no utilitzar les facilitats i capacitats de la Web per realitzar o suggerir activitats prohibides per la llei o per intentar atreure els usuaris cap a altres serveis competidors.<\/p><p><strong>4. FUNCIONAMENT DE LA WEB:<\/strong><\/p><p>ROY DIAMANTES INDUSTRIALES S. L. podr\u00e0 realitzar les modificacions que estimi convenients en la Web, podent incloure serveis i continguts addicionals als actuals o, en el seu cas, suprimir-los.<\/p><p>ROY DIAMANTES INDUSTRIALES S. L. podr\u00e0 modificar la Web quan el consideri oport\u00fa; i, podr\u00e0 bloquejar l&#8217;acc\u00e9s a tots o part dels usuaris de la mateixa, per procedir a realitzar les modificacions o reparacions que consideri necess\u00e0ries en qualsevol moment. En cap cas, ROY DIAMANTES INDUSTRIALES S. L. ser\u00e0 responsable de l&#8217;inadequat funcionament del sistema si aix\u00f2 obeeix a una defectuosa configuraci\u00f3 dels equips de l&#8217;usuari o a la seva insuficient capacitat per suportar els sistemes inform\u00e0tics indispensables per poder fer \u00fas del servei. ROY DIAMANTES INDUSTRIALES S. L. es compromet a realitzar tots els seus esfor\u00e7os per mantenir actualitzada la informaci\u00f3 i continguts que introdueixi en la Web, si b\u00e9 l&#8217;usuari coneix que hi pot haver incorreccions en els continguts i serveis inclosos en la Web que, en el seu cas, ROY DIAMANTES INDUSTRIALES S. L. procedir\u00e0 a reparar|solucionar a la m\u00e0xima brevetat quan tingui coneixement de la seva exist\u00e8ncia.<\/p><p><strong>5. \u00c8TICA I RESPONSABILITAT DERIVADA DE L&#8217;\u00daS PER L&#8217;USUARI D&#8217;INTERNET I DE LA WEB:<\/strong><\/p><p>ROY DIAMANTES INDUSTRIALES S. L. no ser\u00e0 en cap cas responsable de l&#8217;\u00fas de la Web que realitzi l&#8217;Usuari. L&#8217;usuari s&#8217;abstindr\u00e0 de dur a terme qualsevol conducta en l&#8217;\u00fas de la Web o dels recursos posats en la seva disposici\u00f3 que atempti contra els drets de propietat intel\u00b7lectual o industrial ROY DIAMANTES INDUSTRIALES S. L. o de tercers, que vulneri o transgredeixi l&#8217;honor, la intimitat personal o familiar o la imatge a tercers, o que siguin il\u00b7l\u00edcits o atemptin a la moralitat i deixar\u00e0 en tot cas indemne a ROY DIAMANTES INDUSTRIALES S. L. front qualsevol reclamaci\u00f3, judicial o extrajudicial, que es presenti davant ella com a conseq\u00fc\u00e8ncia de l&#8217;esmentat \u00fas. L&#8217;usuari s&#8217;abstindr\u00e0 de dur a terme per qualsevol mitj\u00e0 qualsevol destrucci\u00f3, alteraci\u00f3, inutilitzaci\u00f3 o danys de les dades, programes o documents electr\u00f2nics pertanyents a ROY DIAMANTES INDUSTRIALES S. L., aix\u00ed com d&#8217;introducci\u00f3 o difondre a la Xarxa programes, virus, applets, o qualsevol instrument f\u00edsic o electr\u00f2nic que causin o siguin susceptibles de causar qualsevol tipus d&#8217;alteraci\u00f3 a la Xarxa, en el sistema, o en els equips de tercers.<\/p><p><strong>6. CONFIDENCIALITAT I PROTECCI\u00d3 DE DADES PERSONALS:<\/strong><\/p><p>A ROY DIAMANTES INDUSTRIALES S. L. ens prenem molt seriosament la teva privacitat i adoptem totes les mesures de seguretat que ens s\u00f3n possibles per protegir-la. A continuaci\u00f3 volem explicar-te qu\u00e8 fem amb les dades que ens arriben des de la web, partint de que tot el que ens envies \u00e9s confidencial. No la compartim amb tercers, excepte en els casos contemplats per la llei.<\/p><p>Quan ens envies un correu o quan et poses en contacte amb nosaltres a trav\u00e9s del formulari de la web ens est\u00e0s donant dades i informaci\u00f3 personal: el teu correu de contacte o un tel\u00e8fon o el teu nom. Aix\u00f2 \u00e9s el que necessites saber en aquest sentit:<\/p><p><strong>Qui \u00e9s el responsable del tractament de les dades?<\/strong><\/p><p>ROY DIAMANTES INDUSTRIALES S. L., amb domicili a C\/ Quintana, 107, 08205, Sabadell (Barcelona) i CIF B58111808.<\/p><p>Contacte: roy@roydiamantes.com<\/p><p><strong>A qui li afecta aix\u00f2?<\/strong><\/p><p>A usuaris de la web o clientes que a partir d\u2019aquesta web es posin en contacte amb ROY DIAMANTES INDUSTRIALES S. L. per mitjans no digitals (si ens truques, si ens escrius una carta), o mitjans digitals (formulari web, mail o xarxes socials).<\/p><p>A aquests efectes, s\u00f3n usuaris i clients les persones que faciliten les seves dades al sol\u00b7licitar informaci\u00f3 o algun servei o les que utilitzen els mitjans digitals sense necessitat d\u2019estar registrats.<\/p><p><strong>Quines s\u00f3n les finalitats del tractament de la informaci\u00f3?<\/strong><\/p><p>B\u00e0sicament, que puguis navegar per la web i, si \u00e9s el cas, gestionar els serveis que ens sol\u00b7licitis. Ocasionalment els farem servir per millorar els serveis, per exemple fent estad\u00edstiques o analitzant els resultats de navegaci\u00f3 web, per\u00f2 seran les dades que s\u2019hagin emmagatzemat de forma an\u00f2nima en el sistema d\u2019anal\u00edtica de la web.<\/p><p><strong>Quina \u00e9s la nostra legitimaci\u00f3 per fer tot aix\u00f2 amb la informaci\u00f3 que ens facilites?<\/strong><\/p><p>La base legal \u00e9s el teu consentiment al facilitar-nos aquestes dades, i la nostra legitimaci\u00f3 \u00e9s el poder treballar o col\u00b7laborar amb tu.<\/p><p><strong>Quines dades tractar\u00e9?<\/strong><\/p><p>La informaci\u00f3 que tenim s\u00f3n los dades que ens facilites directament (pot ser el teu correu electr\u00f2nic, nom, cognoms, tel\u00e8fon&#8230;) o la informaci\u00f3 que aconseguim autom\u00e0ticament quan navegues per la web, per\u00f2 \u00e9s informaci\u00f3 que est\u00e0 anonimizada aix\u00ed que tampoc descobrirem gran cosa. Saber quant temps est\u00e0s per la web, quines seccions t\u2019agraden al navegar.. per\u00f2 sempre de forma que no s\u2019identifiqui la teva IP, ni el teu usuari, ni tan sols el teu sistema operatiu.<\/p><p>Si la nostra relaci\u00f3 passa de \u201cpotencial client\u201d a \u201cclient\u201d, et donarem mes informaci\u00f3, per\u00f2 de moment, per navegar per la web ja \u00e9s suficient.<\/p><p>Avisa\u2019ns si tens algun dubte i intentarem resoldre\u2019l tant r\u00e0pid com sigui possible.<\/p><p>Moltes Gr\u00e0cies.<\/p><p><strong>7. NUL\u00b7LITAT I INEFIC\u00c0CIA DE LES CL\u00c0USULES:<\/strong><\/p><p>Si qualsevulla de les cl\u00e0usules incloses en el present Avis Legal fos declarada total o parcialment, nul\u00b7la o inefica\u00e7, tal nul\u00b7litat i inefic\u00e0cia afectar\u00e0 tan sols a l&#8217;esmentada disposici\u00f3 o a la part de la mateixa que resulti nul\u00b7la o inefica\u00e7, no subsistint en cap cas l&#8217;Av\u00eds legal en totes les altres disposicions, entenent la mencionada disposici\u00f3, o la part de la mateixa que result\u00e9s afectada, per no redactada.<\/p><p><strong>8. POL\u00cdTICA DE COOKIES:<\/strong><\/p><p><strong>Qu\u00e8 \u00e9s una cookie?<\/strong><\/p><p>Una cookie \u00e9s un fitxer que es baixa a l&#8217;ordinador\/tel\u00e8fon intel\u00b7ligent\/tauleta de l&#8217;usuari quan aquest accedeix a determinades p\u00e0gines web. L&#8217;objectiu \u00e9s emmagatzemar i obtenir informaci\u00f3 sobre la navegaci\u00f3 que es du a terme des de l&#8217;equip o el dispositiu en q\u00fcesti\u00f3. Les cookies que utilitzem no emmagatzemen dades personals ni cap tipus d&#8217;informaci\u00f3 que pugui identificar els usuaris.<\/p><p>Tipus de cookies que utilitzem:<\/p><p>Les cookies de tercers, com ara les que s&#8217;utilitzen a les xarxes socials, a les xarxes publicit\u00e0ries o als complements externs de contingut com Google Maps, ens permeten gestionar i millorar els serveis que oferim.En el nostre cas, utilitzem Google Analytics, una eina de Google que b\u00e0sicament permet que els propietaris de llocs web s\u00e0piguen com interactuen els usuaris amb els seus llocs. Aquesta eina tamb\u00e9 activa cookies en el domini del lloc on es troba l&#8217;usuari i utilitza un conjunt de cookies per recopilar informaci\u00f3 de manera an\u00f2nima i per elaborar informes de tend\u00e8ncies de llocs web sense identificar cap usuari en concret.<\/p><p><strong>Revocaci\u00f3 i supressi\u00f3 de cookies:<\/strong><\/p><p>Pots permetre, con\u00e8ixer, bloquejar o eliminar les cookies que tens instal\u00b7lades a l&#8217;equip mitjan\u00e7ant la configuraci\u00f3 de les opcions del navegador que utilitzis. Ara b\u00e9, si no permets la instal\u00b7laci\u00f3 de cookies al navegador, \u00e9s possible que no puguis accedir a alguna de les seccions del nostre web.<\/p><p>M\u00e9s informaci\u00f3 sobre com es bloqueja l&#8217;\u00fas de les cookies a\u00a0<a href=\"http:\/\/support.google.com\/chrome\/answer\/95647?hl=es\" target=\"_blank\" rel=\"noopener\">Google Chrome<\/a><br \/>M\u00e9s informaci\u00f3 sobre com es bloqueja l&#8217;\u00fas de les cookies a\u00a0<a href=\"http:\/\/support.mozilla.org\/es\/kb\/habilitar-y-deshabilitar-cookies-que-los-sitios-we?esab=a&amp;s=cookies&amp;r=7&amp;as=s\" target=\"_blank\" rel=\"noopener\">Firefox<\/a><br \/>M\u00e9s informaci\u00f3 sobre com es bloqueja l&#8217;\u00fas de les cookies a\u00a0<a href=\"http:\/\/windows.microsoft.com\/es-es\/windows7\/how-to-manage-cookies-in-internet-explorer-9\" target=\"_blank\" rel=\"noopener\">Internet Explorer<\/a><br \/>M\u00e9s informaci\u00f3 sobre com es bloqueja l&#8217;\u00fas de les cookies a\u00a0<a href=\"http:\/\/support.apple.com\/kb\/ph5042\" target=\"_blank\" rel=\"noopener\">Safari<\/a><\/p>\t\t\t\t\t\t\t\t<\/div>\n\t\t\t\t<\/div>\n\t\t\t\t<div class=\"elementor-element elementor-element-492900fc elementor-widget elementor-widget-spacer\" data-id=\"492900fc\" data-element_type=\"widget\" data-widget_type=\"spacer.default\">\n\t\t\t\t<div class=\"elementor-widget-container\">\n\t\t\t\t\t\t\t<div class=\"elementor-spacer\">\n\t\t\t<div class=\"elementor-spacer-inner\"><\/div>\n\t\t<\/div>\n\t\t\t\t\t\t<\/div>\n\t\t\t\t<\/div>\n\t\t\t\t\t<\/div>\n\t\t<\/div>\n\t\t\t\t\t<\/div>\n\t\t<\/section>\n\t\t\t\t<\/div>\n\t\t","protected":false},"excerpt":{"rendered":"<p>ROY DIAMANTES AV\u00cdS LEGAL 1. OBJECTE: Aquesta nota legal cont\u00e9 les condicions que regulen l&#8217;\u00fas i acc\u00e9s al lloc web https:\/\/roydiamantes.es\/ (d&#8217;ara endavant el lloc o web) i les responsabilitats derivades de la seva utilitzaci\u00f3. S&#8217;entendr\u00e0 que l&#8217;acc\u00e9s o la mera utilitzaci\u00f3 del lloc web per part de l&#8217;usuari implica l&#8217;adhesi\u00f3 del mateix a totes &hellip;<\/p>\n<p class=\"read-more\"> <a class=\"\" href=\"https:\/\/roydiamantes.es\/ca\/avis-legal\/\"> <span class=\"screen-reader-text\">AV\u00cdS LEGAL<\/span> Llegeix m\u00e9s &raquo;<\/a><\/p>\n","protected":false},"author":1,"featured_media":0,"parent":0,"menu_order":0,"comment_status":"closed","ping_status":"closed","template":"","meta":{"site-sidebar-layout":"no-sidebar","site-content-layout":"page-builder","ast-global-header-display":"","ast-main-header-display":"","ast-hfb-above-header-display":"","ast-hfb-below-header-display":"","ast-hfb-mobile-header-display":"","site-post-title":"disabled","ast-breadcrumbs-content":"","ast-featured-img":"disabled","footer-sml-layout":"","theme-transparent-header-meta":"","adv-header-id-meta":"","stick-header-meta":"","header-above-stick-meta":"","header-main-stick-meta":"","header-below-stick-meta":"","footnotes":""},"class_list":["post-1362","page","type-page","status-publish","hentry"],"yoast_head":"<!-- This site is optimized with the Yoast SEO plugin v24.7 - https:\/\/yoast.com\/wordpress\/plugins\/seo\/ -->\n<title>AV\u00cdS LEGAL - Roy Diamantes Industriales S.L<\/title>\n<meta name=\"robots\" content=\"index, follow, max-snippet:-1, max-image-preview:large, max-video-preview:-1\" \/>\n<link rel=\"canonical\" href=\"https:\/\/roydiamantes.es\/ca\/avis-legal\/\" \/>\n<meta property=\"og:locale\" content=\"ca_ES\" \/>\n<meta property=\"og:type\" content=\"article\" \/>\n<meta property=\"og:title\" content=\"AV\u00cdS LEGAL - Roy Diamantes Industriales S.L\" \/>\n<meta property=\"og:description\" content=\"ROY DIAMANTES AV\u00cdS LEGAL 1. OBJECTE: Aquesta nota legal cont\u00e9 les condicions que regulen l&#8217;\u00fas i acc\u00e9s al lloc web https:\/\/roydiamantes.es\/ (d&#8217;ara endavant el lloc o web) i les responsabilitats derivades de la seva utilitzaci\u00f3. S&#8217;entendr\u00e0 que l&#8217;acc\u00e9s o la mera utilitzaci\u00f3 del lloc web per part de l&#8217;usuari implica l&#8217;adhesi\u00f3 del mateix a totes &hellip; AV\u00cdS LEGAL Llegeix m\u00e9s &raquo;\" \/>\n<meta property=\"og:url\" content=\"https:\/\/roydiamantes.es\/ca\/avis-legal\/\" \/>\n<meta property=\"og:site_name\" content=\"Roy Diamantes Industriales S.L\" \/>\n<meta property=\"article:modified_time\" content=\"2023-03-29T10:43:39+00:00\" \/>\n<meta name=\"twitter:card\" content=\"summary_large_image\" \/>\n<meta name=\"twitter:label1\" content=\"Temps estimat de lectura\" \/>\n\t<meta name=\"twitter:data1\" content=\"9 minuts\" \/>\n<script type=\"application\/ld+json\" class=\"yoast-schema-graph\">{\"@context\":\"https:\/\/schema.org\",\"@graph\":[{\"@type\":\"WebPage\",\"@id\":\"https:\/\/roydiamantes.es\/ca\/avis-legal\/\",\"url\":\"https:\/\/roydiamantes.es\/ca\/avis-legal\/\",\"name\":\"AV\u00cdS LEGAL - Roy Diamantes Industriales S.L\",\"isPartOf\":{\"@id\":\"https:\/\/roydiamantes.es\/fr\/#website\"},\"datePublished\":\"2023-03-29T10:09:02+00:00\",\"dateModified\":\"2023-03-29T10:43:39+00:00\",\"breadcrumb\":{\"@id\":\"https:\/\/roydiamantes.es\/ca\/avis-legal\/#breadcrumb\"},\"inLanguage\":\"ca\",\"potentialAction\":[{\"@type\":\"ReadAction\",\"target\":[\"https:\/\/roydiamantes.es\/ca\/avis-legal\/\"]}]},{\"@type\":\"BreadcrumbList\",\"@id\":\"https:\/\/roydiamantes.es\/ca\/avis-legal\/#breadcrumb\",\"itemListElement\":[{\"@type\":\"ListItem\",\"position\":1,\"name\":\"Portada\",\"item\":\"https:\/\/roydiamantes.es\/en\/\"},{\"@type\":\"ListItem\",\"position\":2,\"name\":\"AV\u00cdS LEGAL\"}]},{\"@type\":\"WebSite\",\"@id\":\"https:\/\/roydiamantes.es\/fr\/#website\",\"url\":\"https:\/\/roydiamantes.es\/fr\/\",\"name\":\"Roy Diamantes Industriales S.L\",\"description\":\"Roy Diamantes\",\"publisher\":{\"@id\":\"https:\/\/roydiamantes.es\/fr\/#organization\"},\"potentialAction\":[{\"@type\":\"SearchAction\",\"target\":{\"@type\":\"EntryPoint\",\"urlTemplate\":\"https:\/\/roydiamantes.es\/fr\/?s={search_term_string}\"},\"query-input\":{\"@type\":\"PropertyValueSpecification\",\"valueRequired\":true,\"valueName\":\"search_term_string\"}}],\"inLanguage\":\"ca\"},{\"@type\":\"Organization\",\"@id\":\"https:\/\/roydiamantes.es\/fr\/#organization\",\"name\":\"Roy Diamantes Industriales S.L\",\"url\":\"https:\/\/roydiamantes.es\/fr\/\",\"logo\":{\"@type\":\"ImageObject\",\"inLanguage\":\"ca\",\"@id\":\"https:\/\/roydiamantes.es\/fr\/#\/schema\/logo\/image\/\",\"url\":\"https:\/\/roydiamantes.es\/wp-content\/uploads\/2023\/03\/Logo_RoyDiamantes-logo-web.png\",\"contentUrl\":\"https:\/\/roydiamantes.es\/wp-content\/uploads\/2023\/03\/Logo_RoyDiamantes-logo-web.png\",\"width\":1898,\"height\":1582,\"caption\":\"Roy Diamantes Industriales S.L\"},\"image\":{\"@id\":\"https:\/\/roydiamantes.es\/fr\/#\/schema\/logo\/image\/\"}}]}<\/script>\n<!-- \/ Yoast SEO plugin. -->","yoast_head_json":{"title":"AV\u00cdS LEGAL - Roy Diamantes Industriales S.L","robots":{"index":"index","follow":"follow","max-snippet":"max-snippet:-1","max-image-preview":"max-image-preview:large","max-video-preview":"max-video-preview:-1"},"canonical":"https:\/\/roydiamantes.es\/ca\/avis-legal\/","og_locale":"ca_ES","og_type":"article","og_title":"AV\u00cdS LEGAL - Roy Diamantes Industriales S.L","og_description":"ROY DIAMANTES AV\u00cdS LEGAL 1. OBJECTE: Aquesta nota legal cont\u00e9 les condicions que regulen l&#8217;\u00fas i acc\u00e9s al lloc web https:\/\/roydiamantes.es\/ (d&#8217;ara endavant el lloc o web) i les responsabilitats derivades de la seva utilitzaci\u00f3. S&#8217;entendr\u00e0 que l&#8217;acc\u00e9s o la mera utilitzaci\u00f3 del lloc web per part de l&#8217;usuari implica l&#8217;adhesi\u00f3 del mateix a totes &hellip; AV\u00cdS LEGAL Llegeix m\u00e9s &raquo;","og_url":"https:\/\/roydiamantes.es\/ca\/avis-legal\/","og_site_name":"Roy Diamantes Industriales S.L","article_modified_time":"2023-03-29T10:43:39+00:00","twitter_card":"summary_large_image","twitter_misc":{"Temps estimat de lectura":"9 minuts"},"schema":{"@context":"https:\/\/schema.org","@graph":[{"@type":"WebPage","@id":"https:\/\/roydiamantes.es\/ca\/avis-legal\/","url":"https:\/\/roydiamantes.es\/ca\/avis-legal\/","name":"AV\u00cdS LEGAL - Roy Diamantes Industriales S.L","isPartOf":{"@id":"https:\/\/roydiamantes.es\/fr\/#website"},"datePublished":"2023-03-29T10:09:02+00:00","dateModified":"2023-03-29T10:43:39+00:00","breadcrumb":{"@id":"https:\/\/roydiamantes.es\/ca\/avis-legal\/#breadcrumb"},"inLanguage":"ca","potentialAction":[{"@type":"ReadAction","target":["https:\/\/roydiamantes.es\/ca\/avis-legal\/"]}]},{"@type":"BreadcrumbList","@id":"https:\/\/roydiamantes.es\/ca\/avis-legal\/#breadcrumb","itemListElement":[{"@type":"ListItem","position":1,"name":"Portada","item":"https:\/\/roydiamantes.es\/en\/"},{"@type":"ListItem","position":2,"name":"AV\u00cdS LEGAL"}]},{"@type":"WebSite","@id":"https:\/\/roydiamantes.es\/fr\/#website","url":"https:\/\/roydiamantes.es\/fr\/","name":"Roy Diamantes Industriales S.L","description":"Roy Diamantes","publisher":{"@id":"https:\/\/roydiamantes.es\/fr\/#organization"},"potentialAction":[{"@type":"SearchAction","target":{"@type":"EntryPoint","urlTemplate":"https:\/\/roydiamantes.es\/fr\/?s={search_term_string}"},"query-input":{"@type":"PropertyValueSpecification","valueRequired":true,"valueName":"search_term_string"}}],"inLanguage":"ca"},{"@type":"Organization","@id":"https:\/\/roydiamantes.es\/fr\/#organization","name":"Roy Diamantes Industriales S.L","url":"https:\/\/roydiamantes.es\/fr\/","logo":{"@type":"ImageObject","inLanguage":"ca","@id":"https:\/\/roydiamantes.es\/fr\/#\/schema\/logo\/image\/","url":"https:\/\/roydiamantes.es\/wp-content\/uploads\/2023\/03\/Logo_RoyDiamantes-logo-web.png","contentUrl":"https:\/\/roydiamantes.es\/wp-content\/uploads\/2023\/03\/Logo_RoyDiamantes-logo-web.png","width":1898,"height":1582,"caption":"Roy Diamantes Industriales S.L"},"image":{"@id":"https:\/\/roydiamantes.es\/fr\/#\/schema\/logo\/image\/"}}]}},"_links":{"self":[{"href":"https:\/\/roydiamantes.es\/ca\/wp-json\/wp\/v2\/pages\/1362","targetHints":{"allow":["GET"]}}],"collection":[{"href":"https:\/\/roydiamantes.es\/ca\/wp-json\/wp\/v2\/pages"}],"about":[{"href":"https:\/\/roydiamantes.es\/ca\/wp-json\/wp\/v2\/types\/page"}],"author":[{"embeddable":true,"href":"https:\/\/roydiamantes.es\/ca\/wp-json\/wp\/v2\/users\/1"}],"replies":[{"embeddable":true,"href":"https:\/\/roydiamantes.es\/ca\/wp-json\/wp\/v2\/comments?post=1362"}],"version-history":[{"count":8,"href":"https:\/\/roydiamantes.es\/ca\/wp-json\/wp\/v2\/pages\/1362\/revisions"}],"predecessor-version":[{"id":1384,"href":"https:\/\/roydiamantes.es\/ca\/wp-json\/wp\/v2\/pages\/1362\/revisions\/1384"}],"wp:attachment":[{"href":"https:\/\/roydiamantes.es\/ca\/wp-json\/wp\/v2\/media?parent=1362"}],"curies":[{"name":"wp","href":"https:\/\/api.w.org\/{rel}","templated":true}]}}