{"id":1304,"date":"2023-03-15T11:59:46","date_gmt":"2023-03-15T11:59:46","guid":{"rendered":"https:\/\/roydiamantes.creacomtest.com\/hybride\/"},"modified":"2023-03-28T15:12:08","modified_gmt":"2023-03-28T15:12:08","slug":"hybride","status":"publish","type":"page","link":"https:\/\/roydiamantes.es\/fr\/hybride\/","title":{"rendered":"HYBRIDE"},"content":{"rendered":"\t\t<div data-elementor-type=\"wp-page\" data-elementor-id=\"1304\" class=\"elementor elementor-1304 elementor-294\">\n\t\t\t\t\t\t<section class=\"elementor-section elementor-top-section elementor-element elementor-element-4f727e05 elementor-section-boxed elementor-section-height-default elementor-section-height-default\" data-id=\"4f727e05\" data-element_type=\"section\" data-settings=\"{&quot;background_background&quot;:&quot;classic&quot;}\">\n\t\t\t\t\t\t\t<div class=\"elementor-background-overlay\"><\/div>\n\t\t\t\t\t\t\t<div class=\"elementor-container elementor-column-gap-no\">\n\t\t\t\t\t<div class=\"elementor-column elementor-col-100 elementor-top-column elementor-element elementor-element-2e6eb5bd\" data-id=\"2e6eb5bd\" data-element_type=\"column\">\n\t\t\t<div class=\"elementor-widget-wrap elementor-element-populated\">\n\t\t\t\t\t\t<div class=\"elementor-element elementor-element-0d2be57 elementor-view-default elementor-widget elementor-widget-icon\" data-id=\"0d2be57\" data-element_type=\"widget\" data-widget_type=\"icon.default\">\n\t\t\t\t<div class=\"elementor-widget-container\">\n\t\t\t\t\t\t\t<div class=\"elementor-icon-wrapper\">\n\t\t\t<div class=\"elementor-icon\">\n\t\t\t<svg xmlns=\"http:\/\/www.w3.org\/2000\/svg\" id=\"Capa_1\" viewBox=\"0 0 150 150\"><path d=\"m150.44,74.53c-25.33,25.18-50.49,50.19-75.92,75.47-.17-.15-.89-.68-1.51-1.3C49.24,124.88,25.47,101.08,1.75,77.23c-2.75-2.77-3.23-1.9.44-5.57C25.12,48.69,48.1,25.75,71.05,2.8c3.69-3.69,3.71-3.74,7.38-.08,23.26,23.24,46.5,46.5,69.75,69.75.7.7,1.47,1.34,2.27,2.06Zm-96.52-1.02c-.1-.78-.23-1.27-.22-1.76.09-4.83.2-9.66.3-14.48.08-4.21.07-4.1-4.1-4.15-2-.02-2.5.83-2.42,2.58.11,2.45.2,4.91.18,7.37-.07,11.44-.21,22.88-.23,34.32,0,.93.49,2.41,1.16,2.7,3.37,1.47,5.36-.03,5.35-3.73-.01-6.07,0-12.15,0-18.47.85,0,1.68,0,2.51,0,12.04,0,24.07.07,36.11-.06,2.28-.02,2.96.69,2.93,2.84-.08,5.68.06,11.36-.05,17.03-.04,1.97.51,2.87,2.57,2.58,1.66-.23,3.87.83,3.84-2.42-.12-14.07-.15-28.14-.08-42.21.02-3.17-2.05-2.31-3.78-2.5-2.06-.23-2.63.63-2.58,2.61.13,5.08.05,10.17.08,15.25,0,1.37,0,2.53-1.92,2.52-13.13-.04-26.26-.02-39.64-.02Z\"><\/path><\/svg>\t\t\t<\/div>\n\t\t<\/div>\n\t\t\t\t\t\t<\/div>\n\t\t\t\t<\/div>\n\t\t\t\t\t<\/div>\n\t\t<\/div>\n\t\t\t\t\t<\/div>\n\t\t<\/section>\n\t\t\t\t<section class=\"elementor-section elementor-top-section elementor-element elementor-element-816d781 elementor-section-boxed elementor-section-height-default elementor-section-height-default\" data-id=\"816d781\" data-element_type=\"section\">\n\t\t\t\t\t\t<div class=\"elementor-container elementor-column-gap-default\">\n\t\t\t\t\t<div class=\"elementor-column elementor-col-100 elementor-top-column elementor-element elementor-element-83dc565\" data-id=\"83dc565\" data-element_type=\"column\">\n\t\t\t<div class=\"elementor-widget-wrap elementor-element-populated\">\n\t\t\t\t\t\t<div class=\"elementor-element elementor-element-e27153b elementor-widget elementor-widget-image\" data-id=\"e27153b\" data-element_type=\"widget\" data-widget_type=\"image.default\">\n\t\t\t\t<div class=\"elementor-widget-container\">\n\t\t\t\t\t\t\t\t\t\t\t\t\t\t\t\t<a href=\"https:\/\/roydiamantes.es\/wp-content\/uploads\/2023\/03\/hibrida_tipob.png\" data-elementor-open-lightbox=\"yes\" data-elementor-lightbox-title=\"hibrida_tipob\" data-e-action-hash=\"#elementor-action%3Aaction%3Dlightbox%26settings%3DeyJpZCI6MTExNywidXJsIjoiaHR0cHM6XC9cL3JveWRpYW1hbnRlcy5lc1wvd3AtY29udGVudFwvdXBsb2Fkc1wvMjAyM1wvMDNcL2hpYnJpZGFfdGlwb2IucG5nIn0%3D\">\n\t\t\t\t\t\t\t<img fetchpriority=\"high\" decoding=\"async\" width=\"1024\" height=\"682\" src=\"https:\/\/roydiamantes.es\/wp-content\/uploads\/2023\/03\/hibrida_tipob-1024x682.png\" class=\"attachment-large size-large wp-image-1117\" alt=\"\" srcset=\"https:\/\/roydiamantes.es\/wp-content\/uploads\/2023\/03\/hibrida_tipob-1024x682.png 1024w, https:\/\/roydiamantes.es\/wp-content\/uploads\/2023\/03\/hibrida_tipob-300x200.png 300w, https:\/\/roydiamantes.es\/wp-content\/uploads\/2023\/03\/hibrida_tipob-768x512.png 768w, https:\/\/roydiamantes.es\/wp-content\/uploads\/2023\/03\/hibrida_tipob-1536x1024.png 1536w, https:\/\/roydiamantes.es\/wp-content\/uploads\/2023\/03\/hibrida_tipob.png 1772w\" sizes=\"(max-width: 1024px) 100vw, 1024px\" \/>\t\t\t\t\t\t\t\t<\/a>\n\t\t\t\t\t\t\t\t\t\t\t\t\t\t\t<\/div>\n\t\t\t\t<\/div>\n\t\t\t\t<section class=\"elementor-section elementor-inner-section elementor-element elementor-element-eaf981f elementor-section-boxed elementor-section-height-default elementor-section-height-default\" data-id=\"eaf981f\" data-element_type=\"section\">\n\t\t\t\t\t\t<div class=\"elementor-container elementor-column-gap-no\">\n\t\t\t\t\t<div class=\"elementor-column elementor-col-100 elementor-inner-column elementor-element elementor-element-c8eec7e\" data-id=\"c8eec7e\" data-element_type=\"column\">\n\t\t\t<div class=\"elementor-widget-wrap elementor-element-populated\">\n\t\t\t\t\t\t<div class=\"elementor-element elementor-element-3033febf elementor-widget elementor-widget-text-editor\" data-id=\"3033febf\" data-element_type=\"widget\" data-widget_type=\"text-editor.default\">\n\t\t\t\t<div class=\"elementor-widget-container\">\n\t\t\t\t\t\t\t\t\t<p>FINITION ROUES DIAMANT<\/p>\n\t\t\t\t\t\t\t\t<\/div>\n\t\t\t\t<\/div>\n\t\t\t\t<div class=\"elementor-element elementor-element-4c161fde elementor-widget elementor-widget-heading\" data-id=\"4c161fde\" data-element_type=\"widget\" data-widget_type=\"heading.default\">\n\t\t\t\t<div class=\"elementor-widget-container\">\n\t\t\t\t\t<h2 class=\"elementor-heading-title elementor-size-default\">HYBRIDE<\/h2>\t\t\t\t<\/div>\n\t\t\t\t<\/div>\n\t\t\t\t<div class=\"elementor-element elementor-element-25b54c5a elementor-widget elementor-widget-text-editor\" data-id=\"25b54c5a\" data-element_type=\"widget\" data-widget_type=\"text-editor.default\">\n\t\t\t\t<div class=\"elementor-widget-container\">\n\t\t\t\t\t\t\t\t\t<p class=\"p_textstyle_19259\">Ce type de liaison parvient \u00e0 combiner les avantages des roues en r\u00e9sine et des roues en m\u00e9tal.<\/p>\n<p class=\"p_textstyle_19259\">Avec ce liant, bien qu&rsquo;il n\u00e9cessite un tr\u00e8s bon refroidissement, le pouvoir d&rsquo;\u00e9limination de la r\u00e9sine est obtenu ainsi que la r\u00e9sistance \u00e0 l&rsquo;usure du liant m\u00e9tallique.<\/p>\n<p class=\"p_textstyle_19259\">Ce type de liant est principalement utilis\u00e9 dans les machines \u00e0 commande num\u00e9rique lorsque des taux d&rsquo;enl\u00e8vement de mati\u00e8re \u00e9lev\u00e9s sont requis.<\/p>\n\t\t\t\t\t\t\t\t<\/div>\n\t\t\t\t<\/div>\n\t\t\t\t\t<\/div>\n\t\t<\/div>\n\t\t\t\t\t<\/div>\n\t\t<\/section>\n\t\t\t\t\t<\/div>\n\t\t<\/div>\n\t\t\t\t\t<\/div>\n\t\t<\/section>\n\t\t\t\t<\/div>\n\t\t","protected":false},"excerpt":{"rendered":"<p>FINITION ROUES DIAMANT HYBRIDE Ce type de liaison parvient \u00e0 combiner les avantages des roues en r\u00e9sine et des roues en m\u00e9tal. Avec ce liant, bien qu&rsquo;il n\u00e9cessite un tr\u00e8s bon refroidissement, le pouvoir d&rsquo;\u00e9limination de la r\u00e9sine est obtenu ainsi que la r\u00e9sistance \u00e0 l&rsquo;usure du liant m\u00e9tallique. Ce type de liant est principalement &hellip;<\/p>\n<p class=\"read-more\"> <a class=\"\" href=\"https:\/\/roydiamantes.es\/fr\/hybride\/\"> <span class=\"screen-reader-text\">HYBRIDE<\/span> Lire la suite\u00a0\u00bb<\/a><\/p>\n","protected":false},"author":1,"featured_media":0,"parent":0,"menu_order":0,"comment_status":"closed","ping_status":"closed","template":"","meta":{"site-sidebar-layout":"no-sidebar","site-content-layout":"page-builder","ast-global-header-display":"","ast-main-header-display":"","ast-hfb-above-header-display":"","ast-hfb-below-header-display":"","ast-hfb-mobile-header-display":"","site-post-title":"disabled","ast-breadcrumbs-content":"","ast-featured-img":"disabled","footer-sml-layout":"","theme-transparent-header-meta":"","adv-header-id-meta":"","stick-header-meta":"","header-above-stick-meta":"","header-main-stick-meta":"","header-below-stick-meta":"","footnotes":""},"class_list":["post-1304","page","type-page","status-publish","hentry"],"yoast_head":"<!-- This site is optimized with the Yoast SEO plugin v24.7 - https:\/\/yoast.com\/wordpress\/plugins\/seo\/ -->\n<title>HYBRIDE - Roy Diamantes Industriales S.L<\/title>\n<meta name=\"robots\" content=\"index, follow, max-snippet:-1, max-image-preview:large, max-video-preview:-1\" \/>\n<link rel=\"canonical\" href=\"https:\/\/roydiamantes.es\/fr\/hybride\/\" \/>\n<meta property=\"og:locale\" content=\"fr_FR\" \/>\n<meta property=\"og:type\" content=\"article\" \/>\n<meta property=\"og:title\" content=\"HYBRIDE - Roy Diamantes Industriales S.L\" \/>\n<meta property=\"og:description\" content=\"FINITION ROUES DIAMANT HYBRIDE Ce type de liaison parvient \u00e0 combiner les avantages des roues en r\u00e9sine et des roues en m\u00e9tal. Avec ce liant, bien qu&rsquo;il n\u00e9cessite un tr\u00e8s bon refroidissement, le pouvoir d&rsquo;\u00e9limination de la r\u00e9sine est obtenu ainsi que la r\u00e9sistance \u00e0 l&rsquo;usure du liant m\u00e9tallique. Ce type de liant est principalement &hellip; HYBRIDE Lire la suite\u00a0\u00bb\" \/>\n<meta property=\"og:url\" content=\"https:\/\/roydiamantes.es\/fr\/hybride\/\" \/>\n<meta property=\"og:site_name\" content=\"Roy Diamantes Industriales S.L\" \/>\n<meta property=\"article:modified_time\" content=\"2023-03-28T15:12:08+00:00\" \/>\n<meta property=\"og:image\" content=\"https:\/\/roydiamantes.es\/wp-content\/uploads\/2023\/03\/hibrida_tipob-1024x682.png\" \/>\n<meta name=\"twitter:card\" content=\"summary_large_image\" \/>\n<script type=\"application\/ld+json\" class=\"yoast-schema-graph\">{\"@context\":\"https:\/\/schema.org\",\"@graph\":[{\"@type\":\"WebPage\",\"@id\":\"https:\/\/roydiamantes.es\/fr\/hybride\/\",\"url\":\"https:\/\/roydiamantes.es\/fr\/hybride\/\",\"name\":\"HYBRIDE - Roy Diamantes Industriales S.L\",\"isPartOf\":{\"@id\":\"https:\/\/roydiamantes.es\/fr\/#website\"},\"primaryImageOfPage\":{\"@id\":\"https:\/\/roydiamantes.es\/fr\/hybride\/#primaryimage\"},\"image\":{\"@id\":\"https:\/\/roydiamantes.es\/fr\/hybride\/#primaryimage\"},\"thumbnailUrl\":\"https:\/\/roydiamantes.es\/wp-content\/uploads\/2023\/03\/hibrida_tipob-1024x682.png\",\"datePublished\":\"2023-03-15T11:59:46+00:00\",\"dateModified\":\"2023-03-28T15:12:08+00:00\",\"breadcrumb\":{\"@id\":\"https:\/\/roydiamantes.es\/fr\/hybride\/#breadcrumb\"},\"inLanguage\":\"fr-FR\",\"potentialAction\":[{\"@type\":\"ReadAction\",\"target\":[\"https:\/\/roydiamantes.es\/fr\/hybride\/\"]}]},{\"@type\":\"ImageObject\",\"inLanguage\":\"fr-FR\",\"@id\":\"https:\/\/roydiamantes.es\/fr\/hybride\/#primaryimage\",\"url\":\"https:\/\/roydiamantes.es\/wp-content\/uploads\/2023\/03\/hibrida_tipob-1024x682.png\",\"contentUrl\":\"https:\/\/roydiamantes.es\/wp-content\/uploads\/2023\/03\/hibrida_tipob-1024x682.png\"},{\"@type\":\"BreadcrumbList\",\"@id\":\"https:\/\/roydiamantes.es\/fr\/hybride\/#breadcrumb\",\"itemListElement\":[{\"@type\":\"ListItem\",\"position\":1,\"name\":\"Portada\",\"item\":\"https:\/\/roydiamantes.es\/en\/\"},{\"@type\":\"ListItem\",\"position\":2,\"name\":\"HYBRIDE\"}]},{\"@type\":\"WebSite\",\"@id\":\"https:\/\/roydiamantes.es\/fr\/#website\",\"url\":\"https:\/\/roydiamantes.es\/fr\/\",\"name\":\"Roy Diamantes Industriales S.L\",\"description\":\"Roy Diamantes\",\"publisher\":{\"@id\":\"https:\/\/roydiamantes.es\/fr\/#organization\"},\"potentialAction\":[{\"@type\":\"SearchAction\",\"target\":{\"@type\":\"EntryPoint\",\"urlTemplate\":\"https:\/\/roydiamantes.es\/fr\/?s={search_term_string}\"},\"query-input\":{\"@type\":\"PropertyValueSpecification\",\"valueRequired\":true,\"valueName\":\"search_term_string\"}}],\"inLanguage\":\"fr-FR\"},{\"@type\":\"Organization\",\"@id\":\"https:\/\/roydiamantes.es\/fr\/#organization\",\"name\":\"Roy Diamantes Industriales S.L\",\"url\":\"https:\/\/roydiamantes.es\/fr\/\",\"logo\":{\"@type\":\"ImageObject\",\"inLanguage\":\"fr-FR\",\"@id\":\"https:\/\/roydiamantes.es\/fr\/#\/schema\/logo\/image\/\",\"url\":\"https:\/\/roydiamantes.es\/wp-content\/uploads\/2023\/03\/Logo_RoyDiamantes-logo-web.png\",\"contentUrl\":\"https:\/\/roydiamantes.es\/wp-content\/uploads\/2023\/03\/Logo_RoyDiamantes-logo-web.png\",\"width\":1898,\"height\":1582,\"caption\":\"Roy Diamantes Industriales S.L\"},\"image\":{\"@id\":\"https:\/\/roydiamantes.es\/fr\/#\/schema\/logo\/image\/\"}}]}<\/script>\n<!-- \/ Yoast SEO plugin. -->","yoast_head_json":{"title":"HYBRIDE - Roy Diamantes Industriales S.L","robots":{"index":"index","follow":"follow","max-snippet":"max-snippet:-1","max-image-preview":"max-image-preview:large","max-video-preview":"max-video-preview:-1"},"canonical":"https:\/\/roydiamantes.es\/fr\/hybride\/","og_locale":"fr_FR","og_type":"article","og_title":"HYBRIDE - Roy Diamantes Industriales S.L","og_description":"FINITION ROUES DIAMANT HYBRIDE Ce type de liaison parvient \u00e0 combiner les avantages des roues en r\u00e9sine et des roues en m\u00e9tal. Avec ce liant, bien qu&rsquo;il n\u00e9cessite un tr\u00e8s bon refroidissement, le pouvoir d&rsquo;\u00e9limination de la r\u00e9sine est obtenu ainsi que la r\u00e9sistance \u00e0 l&rsquo;usure du liant m\u00e9tallique. Ce type de liant est principalement &hellip; HYBRIDE Lire la suite\u00a0\u00bb","og_url":"https:\/\/roydiamantes.es\/fr\/hybride\/","og_site_name":"Roy Diamantes Industriales S.L","article_modified_time":"2023-03-28T15:12:08+00:00","og_image":[{"url":"https:\/\/roydiamantes.es\/wp-content\/uploads\/2023\/03\/hibrida_tipob-1024x682.png","type":"","width":"","height":""}],"twitter_card":"summary_large_image","schema":{"@context":"https:\/\/schema.org","@graph":[{"@type":"WebPage","@id":"https:\/\/roydiamantes.es\/fr\/hybride\/","url":"https:\/\/roydiamantes.es\/fr\/hybride\/","name":"HYBRIDE - Roy Diamantes Industriales S.L","isPartOf":{"@id":"https:\/\/roydiamantes.es\/fr\/#website"},"primaryImageOfPage":{"@id":"https:\/\/roydiamantes.es\/fr\/hybride\/#primaryimage"},"image":{"@id":"https:\/\/roydiamantes.es\/fr\/hybride\/#primaryimage"},"thumbnailUrl":"https:\/\/roydiamantes.es\/wp-content\/uploads\/2023\/03\/hibrida_tipob-1024x682.png","datePublished":"2023-03-15T11:59:46+00:00","dateModified":"2023-03-28T15:12:08+00:00","breadcrumb":{"@id":"https:\/\/roydiamantes.es\/fr\/hybride\/#breadcrumb"},"inLanguage":"fr-FR","potentialAction":[{"@type":"ReadAction","target":["https:\/\/roydiamantes.es\/fr\/hybride\/"]}]},{"@type":"ImageObject","inLanguage":"fr-FR","@id":"https:\/\/roydiamantes.es\/fr\/hybride\/#primaryimage","url":"https:\/\/roydiamantes.es\/wp-content\/uploads\/2023\/03\/hibrida_tipob-1024x682.png","contentUrl":"https:\/\/roydiamantes.es\/wp-content\/uploads\/2023\/03\/hibrida_tipob-1024x682.png"},{"@type":"BreadcrumbList","@id":"https:\/\/roydiamantes.es\/fr\/hybride\/#breadcrumb","itemListElement":[{"@type":"ListItem","position":1,"name":"Portada","item":"https:\/\/roydiamantes.es\/en\/"},{"@type":"ListItem","position":2,"name":"HYBRIDE"}]},{"@type":"WebSite","@id":"https:\/\/roydiamantes.es\/fr\/#website","url":"https:\/\/roydiamantes.es\/fr\/","name":"Roy Diamantes Industriales S.L","description":"Roy Diamantes","publisher":{"@id":"https:\/\/roydiamantes.es\/fr\/#organization"},"potentialAction":[{"@type":"SearchAction","target":{"@type":"EntryPoint","urlTemplate":"https:\/\/roydiamantes.es\/fr\/?s={search_term_string}"},"query-input":{"@type":"PropertyValueSpecification","valueRequired":true,"valueName":"search_term_string"}}],"inLanguage":"fr-FR"},{"@type":"Organization","@id":"https:\/\/roydiamantes.es\/fr\/#organization","name":"Roy Diamantes Industriales S.L","url":"https:\/\/roydiamantes.es\/fr\/","logo":{"@type":"ImageObject","inLanguage":"fr-FR","@id":"https:\/\/roydiamantes.es\/fr\/#\/schema\/logo\/image\/","url":"https:\/\/roydiamantes.es\/wp-content\/uploads\/2023\/03\/Logo_RoyDiamantes-logo-web.png","contentUrl":"https:\/\/roydiamantes.es\/wp-content\/uploads\/2023\/03\/Logo_RoyDiamantes-logo-web.png","width":1898,"height":1582,"caption":"Roy Diamantes Industriales S.L"},"image":{"@id":"https:\/\/roydiamantes.es\/fr\/#\/schema\/logo\/image\/"}}]}},"_links":{"self":[{"href":"https:\/\/roydiamantes.es\/fr\/wp-json\/wp\/v2\/pages\/1304","targetHints":{"allow":["GET"]}}],"collection":[{"href":"https:\/\/roydiamantes.es\/fr\/wp-json\/wp\/v2\/pages"}],"about":[{"href":"https:\/\/roydiamantes.es\/fr\/wp-json\/wp\/v2\/types\/page"}],"author":[{"embeddable":true,"href":"https:\/\/roydiamantes.es\/fr\/wp-json\/wp\/v2\/users\/1"}],"replies":[{"embeddable":true,"href":"https:\/\/roydiamantes.es\/fr\/wp-json\/wp\/v2\/comments?post=1304"}],"version-history":[{"count":1,"href":"https:\/\/roydiamantes.es\/fr\/wp-json\/wp\/v2\/pages\/1304\/revisions"}],"predecessor-version":[{"id":1305,"href":"https:\/\/roydiamantes.es\/fr\/wp-json\/wp\/v2\/pages\/1304\/revisions\/1305"}],"wp:attachment":[{"href":"https:\/\/roydiamantes.es\/fr\/wp-json\/wp\/v2\/media?parent=1304"}],"curies":[{"name":"wp","href":"https:\/\/api.w.org\/{rel}","templated":true}]}}