{"id":1341,"date":"2023-03-29T09:44:09","date_gmt":"2023-03-29T09:44:09","guid":{"rendered":"https:\/\/roydiamantes.creacomtest.com\/?page_id=1341"},"modified":"2023-03-29T10:46:19","modified_gmt":"2023-03-29T10:46:19","slug":"politique-de-confidentialite","status":"publish","type":"page","link":"https:\/\/roydiamantes.es\/fr\/politique-de-confidentialite\/","title":{"rendered":"POLITIQUE DE CONFIDENTIALIT\u00c9"},"content":{"rendered":"\t\t<div data-elementor-type=\"wp-page\" data-elementor-id=\"1341\" class=\"elementor elementor-1341 elementor-1338\">\n\t\t\t\t\t\t<section class=\"elementor-section elementor-top-section elementor-element elementor-element-16771fc1 elementor-section-full_width elementor-section-height-default elementor-section-height-default\" data-id=\"16771fc1\" data-element_type=\"section\">\n\t\t\t\t\t\t<div class=\"elementor-container elementor-column-gap-no\">\n\t\t\t\t\t<div class=\"elementor-column elementor-col-100 elementor-top-column elementor-element elementor-element-3fb7a0f4\" data-id=\"3fb7a0f4\" data-element_type=\"column\">\n\t\t\t<div class=\"elementor-widget-wrap elementor-element-populated\">\n\t\t\t\t\t\t<section class=\"elementor-section elementor-inner-section elementor-element elementor-element-545073f4 elementor-section-boxed elementor-section-height-default elementor-section-height-default\" data-id=\"545073f4\" data-element_type=\"section\">\n\t\t\t\t\t\t<div class=\"elementor-container elementor-column-gap-no\">\n\t\t\t\t\t<div class=\"elementor-column elementor-col-100 elementor-inner-column elementor-element elementor-element-2e003363\" data-id=\"2e003363\" data-element_type=\"column\">\n\t\t\t<div class=\"elementor-widget-wrap elementor-element-populated\">\n\t\t\t\t\t\t<div class=\"elementor-element elementor-element-33e77215 elementor-widget elementor-widget-text-editor\" data-id=\"33e77215\" data-element_type=\"widget\" data-widget_type=\"text-editor.default\">\n\t\t\t\t<div class=\"elementor-widget-container\">\n\t\t\t\t\t\t\t\t\t<p class=\"p_textstyle_19264\">ROY DIAMANTES<\/p>\n\t\t\t\t\t\t\t\t<\/div>\n\t\t\t\t<\/div>\n\t\t\t\t<div class=\"elementor-element elementor-element-188d49af elementor-widget elementor-widget-heading\" data-id=\"188d49af\" data-element_type=\"widget\" data-widget_type=\"heading.default\">\n\t\t\t\t<div class=\"elementor-widget-container\">\n\t\t\t\t\t<h1 class=\"elementor-heading-title elementor-size-default\">Politique de confidentialit\u00e9<\/h1>\t\t\t\t<\/div>\n\t\t\t\t<\/div>\n\t\t\t\t\t<\/div>\n\t\t<\/div>\n\t\t\t\t\t<\/div>\n\t\t<\/section>\n\t\t\t\t\t<\/div>\n\t\t<\/div>\n\t\t\t\t\t<\/div>\n\t\t<\/section>\n\t\t\t\t<section class=\"elementor-section elementor-top-section elementor-element elementor-element-3b5b0553 elementor-section-stretched elementor-section-boxed elementor-section-height-default elementor-section-height-default\" data-id=\"3b5b0553\" data-element_type=\"section\" data-settings=\"{&quot;stretch_section&quot;:&quot;section-stretched&quot;,&quot;background_background&quot;:&quot;classic&quot;}\">\n\t\t\t\t\t\t<div class=\"elementor-container elementor-column-gap-default\">\n\t\t\t\t\t<div class=\"elementor-column elementor-col-100 elementor-top-column elementor-element elementor-element-2f627ea5\" data-id=\"2f627ea5\" data-element_type=\"column\">\n\t\t\t<div class=\"elementor-widget-wrap elementor-element-populated\">\n\t\t\t\t\t\t<div class=\"elementor-element elementor-element-d827170 elementor-widget elementor-widget-spacer\" data-id=\"d827170\" data-element_type=\"widget\" data-widget_type=\"spacer.default\">\n\t\t\t\t<div class=\"elementor-widget-container\">\n\t\t\t\t\t\t\t<div class=\"elementor-spacer\">\n\t\t\t<div class=\"elementor-spacer-inner\"><\/div>\n\t\t<\/div>\n\t\t\t\t\t\t<\/div>\n\t\t\t\t<\/div>\n\t\t\t\t<div class=\"elementor-element elementor-element-50c95c9a elementor-widget elementor-widget-text-editor\" data-id=\"50c95c9a\" data-element_type=\"widget\" data-widget_type=\"text-editor.default\">\n\t\t\t\t<div class=\"elementor-widget-container\">\n\t\t\t\t\t\t\t\t\t<p>ROY DIAMANTES S.L. s&rsquo;efforce de respecter la vie priv\u00e9e de ses utilisateurs et de prot\u00e9ger les donn\u00e9es personnelles qu&rsquo;ils peuvent fournir par le biais des formulaires pr\u00e9vus \u00e0 cet effet ou de toute autre forme de contact mentionn\u00e9e sur le site Web.<\/p>\n<p>L&rsquo;utilisateur consent express\u00e9ment et sans \u00e9quivoque \u00e0 ce que les donn\u00e9es personnelles qu&rsquo;il fournit lorsqu&rsquo;il communique avec ROY DIAMANTES S.L. soient incluses dans les fichiers dont elle est titulaire, ainsi qu&rsquo;\u00e0 leur traitement automatis\u00e9 ou non, aux fins suivantes :<\/p>\n<p>&#8211; G\u00e9rer la raison de votre contact<br \/>&#8211; Fournir le service demand\u00e9<br \/>&#8211; Gestion administrative, comptable et fiscale<br \/>&#8211; L&rsquo;envoi de communications commerciales, promotionnelles ou publicitaires, y compris l&rsquo;envoi de la lettre d&rsquo;information.<\/p>\n<p>L&rsquo;utilisateur est inform\u00e9 que ce consentement est \u00e9galement donn\u00e9 pour la cession ou la communication des donn\u00e9es incluses dans les fichiers des entreprises li\u00e9es \u00e0 ROY DIAMANTES S.L., afin qu&rsquo;elles puissent traiter ses donn\u00e9es personnelles aux m\u00eames fins que celles susmentionn\u00e9es.<\/p>\n<p>ROY DIAMANTES S.L. vous informe qu&rsquo;elle a adopt\u00e9 les mesures de s\u00e9curit\u00e9 techniques et organisationnelles n\u00e9cessaires pour garantir la s\u00e9curit\u00e9 et l&rsquo;int\u00e9grit\u00e9 des donn\u00e9es, ainsi que pour \u00e9viter leur perte, leur traitement ou leur acc\u00e8s non autoris\u00e9, conform\u00e9ment \u00e0 la l\u00e9gislation en vigueur sur la protection des donn\u00e9es, en tenant compte de l&rsquo;\u00e9tat de la technologie et de la nature des donn\u00e9es stock\u00e9es.<\/p>\n<p>Ce consentement est r\u00e9vocable et les utilisateurs peuvent exercer leurs droits d&rsquo;acc\u00e8s, de rectification, de suppression et de portabilit\u00e9 de leurs donn\u00e9es, ainsi que la limitation ou l&rsquo;opposition \u00e0 leur traitement pr\u00e9vue par le r\u00e8glement g\u00e9n\u00e9ral europ\u00e9en sur la protection des donn\u00e9es (RGPD) et la loi organique 15\/1999, du 13 d\u00e9cembre, sur la protection des donn\u00e9es \u00e0 caract\u00e8re personnel, en \u00e9crivant aux bureaux de l&rsquo;entreprise.<\/p>\n<p>ROY DIAMANTES S.L.,<\/p>\n<p>CIF: B58111808<\/p>\n<div class=\"street-address inline\">Calle Quintana, 107 &#8211; BJ, Sabadell, 08205, Barcelona<\/div>\n<p>ou \u00e0 l&rsquo;adresse \u00e9lectronique roy@roydiamantes.com ; dans les deux cas, veuillez joindre une photocopie de votre carte d&rsquo;identit\u00e9 ou d&rsquo;un autre document d&rsquo;identification similaire.<\/p>\n<p>Les utilisateurs ont le droit de d\u00e9poser une plainte aupr\u00e8s de l&rsquo;Agence espagnole de protection des donn\u00e9es s&rsquo;ils consid\u00e8rent que les droits pr\u00e9c\u00e9demment mentionn\u00e9s dans la pr\u00e9sente politique de confidentialit\u00e9 ont \u00e9t\u00e9 viol\u00e9s ou s&rsquo;ils consid\u00e8rent que le traitement des donn\u00e9es personnelles les concernant enfreint le r\u00e8glement (UE) 2016\/679 du Parlement europ\u00e9en et du Conseil, du 27 avril 2016, la loi organique 15\/1999, du 13 d\u00e9cembre, sur la protection des donn\u00e9es \u00e0 caract\u00e8re personnel et son r\u00e8glement d&rsquo;application.<\/p>\n<p>MODIFICATIONS<\/p>\n<p>Cette politique de confidentialit\u00e9 peut \u00eatre mise \u00e0 jour \u00e0 tout moment en fonction des besoins du site lui-m\u00eame et des changements l\u00e9gislatifs futurs dans le domaine de la vie priv\u00e9e, et ROYDIAMANTES se r\u00e9serve le droit exclusif de le faire.<\/p>\n\t\t\t\t\t\t\t\t<\/div>\n\t\t\t\t<\/div>\n\t\t\t\t<div class=\"elementor-element elementor-element-ff7bf88 elementor-widget elementor-widget-spacer\" data-id=\"ff7bf88\" data-element_type=\"widget\" data-widget_type=\"spacer.default\">\n\t\t\t\t<div class=\"elementor-widget-container\">\n\t\t\t\t\t\t\t<div class=\"elementor-spacer\">\n\t\t\t<div class=\"elementor-spacer-inner\"><\/div>\n\t\t<\/div>\n\t\t\t\t\t\t<\/div>\n\t\t\t\t<\/div>\n\t\t\t\t\t<\/div>\n\t\t<\/div>\n\t\t\t\t\t<\/div>\n\t\t<\/section>\n\t\t\t\t<\/div>\n\t\t","protected":false},"excerpt":{"rendered":"<p>ROY DIAMANTES Politique de confidentialit\u00e9 ROY DIAMANTES S.L. s&rsquo;efforce de respecter la vie priv\u00e9e de ses utilisateurs et de prot\u00e9ger les donn\u00e9es personnelles qu&rsquo;ils peuvent fournir par le biais des formulaires pr\u00e9vus \u00e0 cet effet ou de toute autre forme de contact mentionn\u00e9e sur le site Web. L&rsquo;utilisateur consent express\u00e9ment et sans \u00e9quivoque \u00e0 ce &hellip;<\/p>\n<p class=\"read-more\"> <a class=\"\" href=\"https:\/\/roydiamantes.es\/fr\/politique-de-confidentialite\/\"> <span class=\"screen-reader-text\">POLITIQUE DE CONFIDENTIALIT\u00c9<\/span> Lire la suite\u00a0\u00bb<\/a><\/p>\n","protected":false},"author":1,"featured_media":0,"parent":0,"menu_order":0,"comment_status":"closed","ping_status":"closed","template":"","meta":{"site-sidebar-layout":"no-sidebar","site-content-layout":"page-builder","ast-global-header-display":"","ast-main-header-display":"","ast-hfb-above-header-display":"","ast-hfb-below-header-display":"","ast-hfb-mobile-header-display":"","site-post-title":"disabled","ast-breadcrumbs-content":"","ast-featured-img":"disabled","footer-sml-layout":"","theme-transparent-header-meta":"","adv-header-id-meta":"","stick-header-meta":"","header-above-stick-meta":"","header-main-stick-meta":"","header-below-stick-meta":"","footnotes":""},"class_list":["post-1341","page","type-page","status-publish","hentry"],"yoast_head":"<!-- This site is optimized with the Yoast SEO plugin v24.7 - https:\/\/yoast.com\/wordpress\/plugins\/seo\/ -->\n<title>POLITIQUE DE CONFIDENTIALIT\u00c9 - Roy Diamantes Industriales S.L<\/title>\n<meta name=\"robots\" content=\"index, follow, max-snippet:-1, max-image-preview:large, max-video-preview:-1\" \/>\n<link rel=\"canonical\" href=\"https:\/\/roydiamantes.es\/fr\/politique-de-confidentialite\/\" \/>\n<meta property=\"og:locale\" content=\"fr_FR\" \/>\n<meta property=\"og:type\" content=\"article\" \/>\n<meta property=\"og:title\" content=\"POLITIQUE DE CONFIDENTIALIT\u00c9 - Roy Diamantes Industriales S.L\" \/>\n<meta property=\"og:description\" content=\"ROY DIAMANTES Politique de confidentialit\u00e9 ROY DIAMANTES S.L. s&rsquo;efforce de respecter la vie priv\u00e9e de ses utilisateurs et de prot\u00e9ger les donn\u00e9es personnelles qu&rsquo;ils peuvent fournir par le biais des formulaires pr\u00e9vus \u00e0 cet effet ou de toute autre forme de contact mentionn\u00e9e sur le site Web. L&rsquo;utilisateur consent express\u00e9ment et sans \u00e9quivoque \u00e0 ce &hellip; POLITIQUE DE CONFIDENTIALIT\u00c9 Lire la suite\u00a0\u00bb\" \/>\n<meta property=\"og:url\" content=\"https:\/\/roydiamantes.es\/fr\/politique-de-confidentialite\/\" \/>\n<meta property=\"og:site_name\" content=\"Roy Diamantes Industriales S.L\" \/>\n<meta property=\"article:modified_time\" content=\"2023-03-29T10:46:19+00:00\" \/>\n<meta name=\"twitter:card\" content=\"summary_large_image\" \/>\n<meta name=\"twitter:label1\" content=\"Dur\u00e9e de lecture estim\u00e9e\" \/>\n\t<meta name=\"twitter:data1\" content=\"2 minutes\" \/>\n<script type=\"application\/ld+json\" class=\"yoast-schema-graph\">{\"@context\":\"https:\/\/schema.org\",\"@graph\":[{\"@type\":\"WebPage\",\"@id\":\"https:\/\/roydiamantes.es\/fr\/politique-de-confidentialite\/\",\"url\":\"https:\/\/roydiamantes.es\/fr\/politique-de-confidentialite\/\",\"name\":\"POLITIQUE DE CONFIDENTIALIT\u00c9 - Roy Diamantes Industriales S.L\",\"isPartOf\":{\"@id\":\"https:\/\/roydiamantes.es\/fr\/#website\"},\"datePublished\":\"2023-03-29T09:44:09+00:00\",\"dateModified\":\"2023-03-29T10:46:19+00:00\",\"breadcrumb\":{\"@id\":\"https:\/\/roydiamantes.es\/fr\/politique-de-confidentialite\/#breadcrumb\"},\"inLanguage\":\"fr-FR\",\"potentialAction\":[{\"@type\":\"ReadAction\",\"target\":[\"https:\/\/roydiamantes.es\/fr\/politique-de-confidentialite\/\"]}]},{\"@type\":\"BreadcrumbList\",\"@id\":\"https:\/\/roydiamantes.es\/fr\/politique-de-confidentialite\/#breadcrumb\",\"itemListElement\":[{\"@type\":\"ListItem\",\"position\":1,\"name\":\"Portada\",\"item\":\"https:\/\/roydiamantes.es\/en\/\"},{\"@type\":\"ListItem\",\"position\":2,\"name\":\"POLITIQUE DE CONFIDENTIALIT\u00c9\"}]},{\"@type\":\"WebSite\",\"@id\":\"https:\/\/roydiamantes.es\/fr\/#website\",\"url\":\"https:\/\/roydiamantes.es\/fr\/\",\"name\":\"Roy Diamantes Industriales S.L\",\"description\":\"Roy Diamantes\",\"publisher\":{\"@id\":\"https:\/\/roydiamantes.es\/fr\/#organization\"},\"potentialAction\":[{\"@type\":\"SearchAction\",\"target\":{\"@type\":\"EntryPoint\",\"urlTemplate\":\"https:\/\/roydiamantes.es\/fr\/?s={search_term_string}\"},\"query-input\":{\"@type\":\"PropertyValueSpecification\",\"valueRequired\":true,\"valueName\":\"search_term_string\"}}],\"inLanguage\":\"fr-FR\"},{\"@type\":\"Organization\",\"@id\":\"https:\/\/roydiamantes.es\/fr\/#organization\",\"name\":\"Roy Diamantes Industriales S.L\",\"url\":\"https:\/\/roydiamantes.es\/fr\/\",\"logo\":{\"@type\":\"ImageObject\",\"inLanguage\":\"fr-FR\",\"@id\":\"https:\/\/roydiamantes.es\/fr\/#\/schema\/logo\/image\/\",\"url\":\"https:\/\/roydiamantes.es\/wp-content\/uploads\/2023\/03\/Logo_RoyDiamantes-logo-web.png\",\"contentUrl\":\"https:\/\/roydiamantes.es\/wp-content\/uploads\/2023\/03\/Logo_RoyDiamantes-logo-web.png\",\"width\":1898,\"height\":1582,\"caption\":\"Roy Diamantes Industriales S.L\"},\"image\":{\"@id\":\"https:\/\/roydiamantes.es\/fr\/#\/schema\/logo\/image\/\"}}]}<\/script>\n<!-- \/ Yoast SEO plugin. -->","yoast_head_json":{"title":"POLITIQUE DE CONFIDENTIALIT\u00c9 - Roy Diamantes Industriales S.L","robots":{"index":"index","follow":"follow","max-snippet":"max-snippet:-1","max-image-preview":"max-image-preview:large","max-video-preview":"max-video-preview:-1"},"canonical":"https:\/\/roydiamantes.es\/fr\/politique-de-confidentialite\/","og_locale":"fr_FR","og_type":"article","og_title":"POLITIQUE DE CONFIDENTIALIT\u00c9 - Roy Diamantes Industriales S.L","og_description":"ROY DIAMANTES Politique de confidentialit\u00e9 ROY DIAMANTES S.L. s&rsquo;efforce de respecter la vie priv\u00e9e de ses utilisateurs et de prot\u00e9ger les donn\u00e9es personnelles qu&rsquo;ils peuvent fournir par le biais des formulaires pr\u00e9vus \u00e0 cet effet ou de toute autre forme de contact mentionn\u00e9e sur le site Web. L&rsquo;utilisateur consent express\u00e9ment et sans \u00e9quivoque \u00e0 ce &hellip; POLITIQUE DE CONFIDENTIALIT\u00c9 Lire la suite\u00a0\u00bb","og_url":"https:\/\/roydiamantes.es\/fr\/politique-de-confidentialite\/","og_site_name":"Roy Diamantes Industriales S.L","article_modified_time":"2023-03-29T10:46:19+00:00","twitter_card":"summary_large_image","twitter_misc":{"Dur\u00e9e de lecture estim\u00e9e":"2 minutes"},"schema":{"@context":"https:\/\/schema.org","@graph":[{"@type":"WebPage","@id":"https:\/\/roydiamantes.es\/fr\/politique-de-confidentialite\/","url":"https:\/\/roydiamantes.es\/fr\/politique-de-confidentialite\/","name":"POLITIQUE DE CONFIDENTIALIT\u00c9 - Roy Diamantes Industriales S.L","isPartOf":{"@id":"https:\/\/roydiamantes.es\/fr\/#website"},"datePublished":"2023-03-29T09:44:09+00:00","dateModified":"2023-03-29T10:46:19+00:00","breadcrumb":{"@id":"https:\/\/roydiamantes.es\/fr\/politique-de-confidentialite\/#breadcrumb"},"inLanguage":"fr-FR","potentialAction":[{"@type":"ReadAction","target":["https:\/\/roydiamantes.es\/fr\/politique-de-confidentialite\/"]}]},{"@type":"BreadcrumbList","@id":"https:\/\/roydiamantes.es\/fr\/politique-de-confidentialite\/#breadcrumb","itemListElement":[{"@type":"ListItem","position":1,"name":"Portada","item":"https:\/\/roydiamantes.es\/en\/"},{"@type":"ListItem","position":2,"name":"POLITIQUE DE CONFIDENTIALIT\u00c9"}]},{"@type":"WebSite","@id":"https:\/\/roydiamantes.es\/fr\/#website","url":"https:\/\/roydiamantes.es\/fr\/","name":"Roy Diamantes Industriales S.L","description":"Roy Diamantes","publisher":{"@id":"https:\/\/roydiamantes.es\/fr\/#organization"},"potentialAction":[{"@type":"SearchAction","target":{"@type":"EntryPoint","urlTemplate":"https:\/\/roydiamantes.es\/fr\/?s={search_term_string}"},"query-input":{"@type":"PropertyValueSpecification","valueRequired":true,"valueName":"search_term_string"}}],"inLanguage":"fr-FR"},{"@type":"Organization","@id":"https:\/\/roydiamantes.es\/fr\/#organization","name":"Roy Diamantes Industriales S.L","url":"https:\/\/roydiamantes.es\/fr\/","logo":{"@type":"ImageObject","inLanguage":"fr-FR","@id":"https:\/\/roydiamantes.es\/fr\/#\/schema\/logo\/image\/","url":"https:\/\/roydiamantes.es\/wp-content\/uploads\/2023\/03\/Logo_RoyDiamantes-logo-web.png","contentUrl":"https:\/\/roydiamantes.es\/wp-content\/uploads\/2023\/03\/Logo_RoyDiamantes-logo-web.png","width":1898,"height":1582,"caption":"Roy Diamantes Industriales S.L"},"image":{"@id":"https:\/\/roydiamantes.es\/fr\/#\/schema\/logo\/image\/"}}]}},"_links":{"self":[{"href":"https:\/\/roydiamantes.es\/fr\/wp-json\/wp\/v2\/pages\/1341","targetHints":{"allow":["GET"]}}],"collection":[{"href":"https:\/\/roydiamantes.es\/fr\/wp-json\/wp\/v2\/pages"}],"about":[{"href":"https:\/\/roydiamantes.es\/fr\/wp-json\/wp\/v2\/types\/page"}],"author":[{"embeddable":true,"href":"https:\/\/roydiamantes.es\/fr\/wp-json\/wp\/v2\/users\/1"}],"replies":[{"embeddable":true,"href":"https:\/\/roydiamantes.es\/fr\/wp-json\/wp\/v2\/comments?post=1341"}],"version-history":[{"count":3,"href":"https:\/\/roydiamantes.es\/fr\/wp-json\/wp\/v2\/pages\/1341\/revisions"}],"predecessor-version":[{"id":1360,"href":"https:\/\/roydiamantes.es\/fr\/wp-json\/wp\/v2\/pages\/1341\/revisions\/1360"}],"wp:attachment":[{"href":"https:\/\/roydiamantes.es\/fr\/wp-json\/wp\/v2\/media?parent=1341"}],"curies":[{"name":"wp","href":"https:\/\/api.w.org\/{rel}","templated":true}]}}