{"id":1364,"date":"2023-03-29T10:09:02","date_gmt":"2023-03-29T10:09:02","guid":{"rendered":"https:\/\/roydiamantes.creacomtest.com\/?page_id=1364"},"modified":"2023-03-29T10:49:30","modified_gmt":"2023-03-29T10:49:30","slug":"mention-legale","status":"publish","type":"page","link":"https:\/\/roydiamantes.es\/fr\/mention-legale\/","title":{"rendered":"MENTION L\u00c9GALE"},"content":{"rendered":"\t\t<div data-elementor-type=\"wp-page\" data-elementor-id=\"1364\" class=\"elementor elementor-1364 elementor-1361\">\n\t\t\t\t\t\t<section class=\"elementor-section elementor-top-section elementor-element elementor-element-16771fc1 elementor-section-full_width elementor-section-height-default elementor-section-height-default\" data-id=\"16771fc1\" data-element_type=\"section\">\n\t\t\t\t\t\t<div class=\"elementor-container elementor-column-gap-no\">\n\t\t\t\t\t<div class=\"elementor-column elementor-col-100 elementor-top-column elementor-element elementor-element-3fb7a0f4\" data-id=\"3fb7a0f4\" data-element_type=\"column\">\n\t\t\t<div class=\"elementor-widget-wrap elementor-element-populated\">\n\t\t\t\t\t\t<section class=\"elementor-section elementor-inner-section elementor-element elementor-element-545073f4 elementor-section-boxed elementor-section-height-default elementor-section-height-default\" data-id=\"545073f4\" data-element_type=\"section\">\n\t\t\t\t\t\t<div class=\"elementor-container elementor-column-gap-no\">\n\t\t\t\t\t<div class=\"elementor-column elementor-col-100 elementor-inner-column elementor-element elementor-element-2e003363\" data-id=\"2e003363\" data-element_type=\"column\">\n\t\t\t<div class=\"elementor-widget-wrap elementor-element-populated\">\n\t\t\t\t\t\t<div class=\"elementor-element elementor-element-33e77215 elementor-widget elementor-widget-text-editor\" data-id=\"33e77215\" data-element_type=\"widget\" data-widget_type=\"text-editor.default\">\n\t\t\t\t<div class=\"elementor-widget-container\">\n\t\t\t\t\t\t\t\t\t<p class=\"p_textstyle_19264\">ROY DIAMANTES<\/p>\n\t\t\t\t\t\t\t\t<\/div>\n\t\t\t\t<\/div>\n\t\t\t\t<div class=\"elementor-element elementor-element-188d49af elementor-widget elementor-widget-heading\" data-id=\"188d49af\" data-element_type=\"widget\" data-widget_type=\"heading.default\">\n\t\t\t\t<div class=\"elementor-widget-container\">\n\t\t\t\t\t<h1 class=\"elementor-heading-title elementor-size-default\">Mention L\u00e9gale<\/h1>\t\t\t\t<\/div>\n\t\t\t\t<\/div>\n\t\t\t\t\t<\/div>\n\t\t<\/div>\n\t\t\t\t\t<\/div>\n\t\t<\/section>\n\t\t\t\t\t<\/div>\n\t\t<\/div>\n\t\t\t\t\t<\/div>\n\t\t<\/section>\n\t\t\t\t<section class=\"elementor-section elementor-top-section elementor-element elementor-element-37ab42ce elementor-section-stretched elementor-section-boxed elementor-section-height-default elementor-section-height-default\" data-id=\"37ab42ce\" data-element_type=\"section\" data-settings=\"{&quot;stretch_section&quot;:&quot;section-stretched&quot;,&quot;background_background&quot;:&quot;classic&quot;}\">\n\t\t\t\t\t\t<div class=\"elementor-container elementor-column-gap-default\">\n\t\t\t\t\t<div class=\"elementor-column elementor-col-100 elementor-top-column elementor-element elementor-element-316cd2ce\" data-id=\"316cd2ce\" data-element_type=\"column\">\n\t\t\t<div class=\"elementor-widget-wrap elementor-element-populated\">\n\t\t\t\t\t\t<div class=\"elementor-element elementor-element-54b824f3 elementor-widget elementor-widget-spacer\" data-id=\"54b824f3\" data-element_type=\"widget\" data-widget_type=\"spacer.default\">\n\t\t\t\t<div class=\"elementor-widget-container\">\n\t\t\t\t\t\t\t<div class=\"elementor-spacer\">\n\t\t\t<div class=\"elementor-spacer-inner\"><\/div>\n\t\t<\/div>\n\t\t\t\t\t\t<\/div>\n\t\t\t\t<\/div>\n\t\t\t\t<div class=\"elementor-element elementor-element-6c9663c4 elementor-widget elementor-widget-text-editor\" data-id=\"6c9663c4\" data-element_type=\"widget\" data-widget_type=\"text-editor.default\">\n\t\t\t\t<div class=\"elementor-widget-container\">\n\t\t\t\t\t\t\t\t\t<p><strong>1. OBJET:<\/strong><\/p><p>Cette mention l\u00e9gale contient les conditions qui r\u00e9gissent l&rsquo;utilisation et l&rsquo;acc\u00e8s au site internet <a href=\"https:\/\/roydiamantes.es\/\">https:\/\/roydiamantes.es\/<\/a> (dor\u00e9navant le Site Internet) ainsi que les responsabilit\u00e9s d\u00e9rivant de son utilisation.<\/p><p>Il sera entendu que l&rsquo;acc\u00e8s au Site Internet comme sa simple utilisation de la part de l&rsquo;Utilisateur implique l&rsquo;adh\u00e9sion de ce dernier \u00e0 toutes les conditions ROY DIAMANTES INDUSTRIALES S. L. a publi\u00e9 \u00e0 cet instant sur le Site Internet.<\/p><p><strong>2. ACC\u00c8S ET UTILISATION DU SITE INTERNET:<\/strong><\/p><p>L&rsquo;acc\u00e8s et l&rsquo;utilisation du Site Internet sont gratuits pour l&rsquo;Utilisateur. L&rsquo;acc\u00e8s et l&rsquo;utilisation de certaines informations et de certains services du Site Internet ne seront possibles qu&rsquo;apr\u00e8s l&rsquo;inscription de l&rsquo;Utilisateur.<\/p><p>Dans le cas d&rsquo;une inscription des Utilisateurs par le biais d&rsquo;un identifiant et d&rsquo;un mot de passe, l&rsquo;identifiant ainsi que le mot de passe appartiendront \u00e0 la personne \u00e0 qui ils ont \u00e9t\u00e9 confi\u00e9s. L&rsquo;Utilisateur sera seul responsable de son identifiant comme de son mot de passe dans la plus stricte et absolue confidentialit\u00e9. Il assumera donc tous les dommages et toutes les cons\u00e9quences de tout type d\u00e9rivant d&rsquo;une infraction ou d&rsquo;une lev\u00e9e du secret.<\/p><p><strong>3. UTILISATION DES INFORMATIONS:<\/strong><\/p><p>La propri\u00e9t\u00e9 intellectuelle des informations, des donn\u00e9es, des contenus, des bases de donn\u00e9es, des designs, des codes sources, des structures de navigation ainsi que des autres services ou produits se trouvant sur le Site Internet est exclusivement d\u00e9tenue par ROY DIAMANTES INDUSTRIALES S. L. ou par les personnes physiques ou juridiques express\u00e9ment mentionn\u00e9es dans certains cas concrets. Ainsi, l&rsquo;Utilisateur s&rsquo;engage \u00e0 ne porter atteinte \u00e0 aucun droit d\u00e9rivant de la propri\u00e9t\u00e9 intellectuelle ou des brevets. La reproduction totale ou partielle en est express\u00e9ment interdite tout comme sa communication publique, sa distribution ou toute forme d&rsquo;exploitation sauf autorisation formelle et \u00e9crite de la part ROY DIAMANTES INDUSTRIALES S. L. ou des personnes physiques ou juridiques titulaires des droits d&rsquo;exploitation, selon le cas concret.<\/p><p>L&rsquo;Utilisateur s&rsquo;engage \u00e0 utiliser les informations et les services mentionn\u00e9s exclusivement pour ses besoins personnels et \u00e0 ne mener aucune exploitation commerciale directe ou indirecte des services auxquels il a acc\u00e8s ou dont le r\u00e9sultat est obtenu gr\u00e2ce \u00e0 l&rsquo;utilisation du Site Internet, sauf s&rsquo;il a re\u00e7u l&rsquo;autorisation formelle ROY DIAMANTES INDUSTRIALES S. L. ou des personnes physiques ou juridiques titulaires des droits d&rsquo;exploitation, selon le cas concret. L&rsquo;Utilisateur s&rsquo;oblige \u00e0 ne pas utiliser les facilit\u00e9s et les capacit\u00e9s du Site Internet pour mener ou sugg\u00e9rer des activit\u00e9s ill\u00e9gales ni pour essayer d&rsquo;attirer des Utilisateurs vers des services concurrents.<\/p><p><strong>4. FONCTIONNEMENT DU SITE INTERNET:<\/strong><\/p><p>ROY DIAMANTES INDUSTRIALES S. L. pourra entreprendre les modifications qu&rsquo;il jugera n\u00e9cessaires sur le Site Internet, en pouvant y inclure des services ainsi que des contenus suppl\u00e9mentaires.<\/p><p>ROY DIAMANTES INDUSTRIALES S. L. pourra modifier le Site Internet lorsqu&rsquo;il le jugera appropri\u00e9 ; et il pourra \u00e0 tout moment en bloquer l&rsquo;acc\u00e8s pour tous les utilisateurs ou pour certains d&rsquo;entre eux afin de proc\u00e9der aux modifications ou aux r\u00e9parations qu&rsquo;il jugera n\u00e9cessaires. ROY DIAMANTES INDUSTRIALES S. L. ne pourra en aucun cas \u00eatre tenu pour responsable d&rsquo;un fonctionnement inappropri\u00e9 du syst\u00e8me si ce dernier provient d&rsquo;une configuration d\u00e9faillante de l&rsquo;installation de l&rsquo;Utilisateur ou d&rsquo;une capacit\u00e9 insuffisante du syst\u00e8me informatique indispensable pour garantir l&rsquo;utilisation du service.<\/p><p><strong>5. \u00c9THIQUE ET RESPONSABILIT\u00c9 D\u00c9RIVANT DE L&rsquo;UTILISATION D&rsquo;INTERNET ET DU SITE INTERNET PAR L&rsquo;UTILISATEUR:<\/strong><\/p><p>ROY DIAMANTES INDUSTRIALES S. L. ne pourra en aucun cas \u00eatre tenu pour responsable de l&rsquo;utilisation du Site Internet par l&rsquo;Utilisateur. L&rsquo;Utilisateur s&rsquo;abstiendra, durant son utilisation du Site Internet ou d&rsquo;une ressource mise \u00e0 disposition sur celui-ci, de tout comportement portant atteinte aux brevets ou \u00e0 la propri\u00e9t\u00e9 intellectuelle ROY DIAMANTES INDUSTRIALES S. L. ou de tiers ; de tout comportement blessant ou transgressant l&rsquo;honneur, la vie priv\u00e9e ou familiale ainsi que l&rsquo;image de tiers ; ainsi que de tout comportement ill\u00e9gal ou portant atteinte \u00e0 la morale. Ceci exemptera, en tout \u00e9tat de cause, ROY DIAMANTES INDUSTRIALES S. L. de toute poursuite judiciaire ou extrajudiciaire pr\u00e9sent\u00e9e devant elle des suites de l&rsquo;utilisation pr\u00e9c\u00e9demment mentionn\u00e9e.<\/p><p><strong>6. CONFIDENTIALIT\u00c9 ET PROTECTION DES DONN\u00c9ES PERSONNELLES:<\/strong><\/p><p>La confidentialit\u00e9 de vos donn\u00e9es \u00e9tant une priorit\u00e9 pour ROY DIAMANTES INDUSTRIALES S. L., nous avons adopt\u00e9 toutes les mesures de s\u00e9curit\u00e9 en vue de garantir leur protection. Nous vous expliquons ici ce que nous faisons des donn\u00e9es collect\u00e9es sur notre site, en pr\u00e9cisant que les donn\u00e9es que vous nous communiquez sont toujours trait\u00e9es en respectant la plus stricte confidentialit\u00e9. Vos donn\u00e9es ne sont pas partag\u00e9es avec des tiers, sauf pour nous conformer \u00e0 une loi ou satisfaire \u00e0 des demandes en vertu de la loi.<\/p><p>Lorsque vous nous envoyez un courrier ou que vous nous contactez par le biais du formulaire de contact de notre site Internet, vous nous communiquez des donn\u00e9es et des informations personnelles\u00a0: vos coordonn\u00e9es, votre num\u00e9ro de t\u00e9l\u00e9phone, votre nom. Par cons\u00e9quent, nous mettons \u00e0 votre disposition toutes les informations n\u00e9cessaires pour comprendre l&rsquo;utilisation qui sera faite de vos donn\u00e9es\u00a0:<\/p><p><strong>Qui est le responsable du traitement des donn\u00e9es\u00a0?<\/strong><\/p><p>ROY DIAMANTES INDUSTRIALES S. L., C\/ Quintana, 107, 08205, Sabadell (Barcelona), CIF: B58111808.<\/p><p>Contact: roy@roydiamantes.com<\/p><p><strong>Qui sont les personnes concern\u00e9es\u00a0?<\/strong><\/p><p>Les utilisateurs du site ou les clients qui contactent ROY DIAMANTES INDUSTRIALES S. L. par des moyens non num\u00e9riques (t\u00e9l\u00e9phone, courrier postal) ou num\u00e9riques (formulaire de contact sur le site, courriel ou r\u00e9seaux sociaux).<\/p><p>Sont consid\u00e9r\u00e9es comme utilisateurs ou clients les personnes qui communiquent leurs donn\u00e9es lorsqu&rsquo;elles sollicitent des informations ou un service, ou les personnes non inscrites sur notre site qui utilisent les moyens de contact num\u00e9riques.<\/p><p><strong>Quelles sont les finalit\u00e9s du traitement des donn\u00e9es\u00a0?<\/strong><\/p><p>Principalement, vous permettre de naviguer sur notre site et, le cas \u00e9ch\u00e9ant, g\u00e9rer les services sollicit\u00e9s. Nous utilisons occasionnellement les donn\u00e9es pour am\u00e9liorer nos services, en \u00e9tablissant par exemple des statistiques ou en \u00e9tudiant les r\u00e9sultats des outils d&rsquo;analyse, mais il s&rsquo;agit dans ce cas de donn\u00e9es anonymes stock\u00e9es dans le syst\u00e8me d&rsquo;analyse du site.<\/p><p><strong>Quelle est la l\u00e9gitimit\u00e9 du traitement des donn\u00e9es que vous nous communiquez\u00a0?<\/strong><\/p><p>Le fondement juridique du traitement de vos donn\u00e9es personnelles est votre consentement \u00e0 nous communiquer vos donn\u00e9es afin que nous puissions collaborer ou travailler avec vous.<\/p><p><strong>Quelles donn\u00e9es traitons-nous\u00a0?<\/strong><\/p><p>Les donn\u00e9es dont nous disposons sont celles que vous nous communiquez directement (votre adresse \u00e9lectronique, votre nom, votre num\u00e9ro de t\u00e9l\u00e9phone, etc.) ou les donn\u00e9es anonymes que nous obtenons automatiquement lorsque vous naviguez sur notre site, qui nous permettent de conna\u00eetre la dur\u00e9e de votre navigation sur le site, les sections que vous consultez, sans enregistrer votre adresse IP, vos identifiants ni m\u00eame votre syst\u00e8me d&rsquo;exploitation.<\/p><p>Si notre relation passe de \u00ab\u00a0client potentiel\u00a0\u00bb \u00e0 \u00ab\u00a0client\u00a0\u00bb, nous vous communiquerons des informations plus d\u00e9taill\u00e9es, les informations partag\u00e9es ici ne concernant que les utilisateurs du site.<\/p><p>Pour toute question relative \u00e0 notre politique de confidentialit\u00e9, n&rsquo;h\u00e9sitez pas \u00e0 nous contacter, nous vous r\u00e9pondrons dans les d\u00e9lais les plus brefs.<\/p><p>Merci<\/p><p><strong>7. NULLIT\u00c9 DES CLAUSES:<\/strong><\/p><p>Si une des clauses comprises au sein de la pr\u00e9sente mention l\u00e9gale venait \u00e0 \u00eatre d\u00e9clar\u00e9e partiellement ou enti\u00e8rement nulle et non avenue, cette nullit\u00e9 n&rsquo;affecterait que la mention concern\u00e9e ou la partie de celle-ci \u00e9tant nulle et non avenue sans modifier en aucun cas les autres clauses de la mention l\u00e9gale ; \u00e9tant consid\u00e9r\u00e9e inexistante la clause concern\u00e9e, ou une partie de celle-ci.<\/p><p><strong>8. POLITIQUE RELATIVE AUX COOKIES:<\/strong><\/p><p><strong>Qu&rsquo;est-ce qu&rsquo;un cookie?<\/strong><\/p><p>Un cookie est un fichier qui se t\u00e9l\u00e9charge sur le disque dur de l&rsquo;ordinateur, le smartphone ou la tablette de l&rsquo;utilisateur lorsqu&rsquo;il acc\u00e8de \u00e0 certains sites Internet, et collecte des informations concernant la navigation \u00e0 partir de cet ordinateur ou dispositif mobile. Les cookies que nous utilisons n&rsquo;enregistrent aucune donn\u00e9e personnelle ni aucune information permettant de vous identifier.<\/p><p>Types de cookies que nous utilisons:<\/p><p>Cookies de tiers permettant de g\u00e9rer et d&rsquo;am\u00e9liorer les services que nous offrons, notamment les services utilis\u00e9s par les r\u00e9seaux sociaux, les r\u00e9seaux publicitaires ou des compl\u00e9ments externes de contenus tels que Google Maps.<br \/>Nous utilisons Google Analytics, outil de Google qui nous permet principalement d&rsquo;obtenir et d&rsquo;analyser les informations de navigation sur notre site. Cette application active \u00e9galement des cookies dans le domaine du site sur lequel vous naviguez et utilise un ensemble de cookies pour collecter des informations anonymes et \u00e9laborer des rapports sur les tendances des sites Internet, sans identifier les utilisateurs.<\/p><p><strong>R\u00e9vocation de consentement et suppression des cookies:<\/strong><\/p><p>Vous pouvez autoriser, afficher, bloquer ou supprimer les cookies install\u00e9s sur votre ordinateur ou dispositif mobile en modifiant les param\u00e8tres ou la configuration de votre navigateur. Nous vous informons toutefois que d\u00e9sactiver ou supprimer les cookies peut affecter votre navigation et limiter l&rsquo;acc\u00e8s \u00e0 certaines sections de notre site Internet.<\/p><p>Comment modifier les param\u00e8tres de gestion des cookies dans\u00a0<a href=\"http:\/\/support.google.com\/chrome\/answer\/95647?hl=es\" target=\"_blank\" rel=\"noopener\">Google Chrome<\/a><br \/>Comment modifier les param\u00e8tres de gestion des cookies dans\u00a0<a href=\"http:\/\/support.mozilla.org\/es\/kb\/habilitar-y-deshabilitar-cookies-que-los-sitios-we?esab=a&amp;s=cookies&amp;r=7&amp;as=s\" target=\"_blank\" rel=\"noopener\">Firefox<\/a><br \/>Comment modifier les param\u00e8tres de gestion des cookies dans\u00a0<a href=\"http:\/\/windows.microsoft.com\/es-es\/windows7\/how-to-manage-cookies-in-internet-explorer-9\" target=\"_blank\" rel=\"noopener\">Internet Explorer<\/a><br \/>Comment modifier les param\u00e8tres de gestion des cookies dans\u00a0<a href=\"http:\/\/support.apple.com\/kb\/ph5042\" target=\"_blank\" rel=\"noopener\">Safari<\/a><\/p>\t\t\t\t\t\t\t\t<\/div>\n\t\t\t\t<\/div>\n\t\t\t\t<div class=\"elementor-element elementor-element-5856f60d elementor-widget elementor-widget-spacer\" data-id=\"5856f60d\" data-element_type=\"widget\" data-widget_type=\"spacer.default\">\n\t\t\t\t<div class=\"elementor-widget-container\">\n\t\t\t\t\t\t\t<div class=\"elementor-spacer\">\n\t\t\t<div class=\"elementor-spacer-inner\"><\/div>\n\t\t<\/div>\n\t\t\t\t\t\t<\/div>\n\t\t\t\t<\/div>\n\t\t\t\t\t<\/div>\n\t\t<\/div>\n\t\t\t\t\t<\/div>\n\t\t<\/section>\n\t\t\t\t<\/div>\n\t\t","protected":false},"excerpt":{"rendered":"<p>ROY DIAMANTES Mention L\u00e9gale 1. OBJET: Cette mention l\u00e9gale contient les conditions qui r\u00e9gissent l&rsquo;utilisation et l&rsquo;acc\u00e8s au site internet https:\/\/roydiamantes.es\/ (dor\u00e9navant le Site Internet) ainsi que les responsabilit\u00e9s d\u00e9rivant de son utilisation. Il sera entendu que l&rsquo;acc\u00e8s au Site Internet comme sa simple utilisation de la part de l&rsquo;Utilisateur implique l&rsquo;adh\u00e9sion de ce dernier &hellip;<\/p>\n<p class=\"read-more\"> <a class=\"\" href=\"https:\/\/roydiamantes.es\/fr\/mention-legale\/\"> <span class=\"screen-reader-text\">MENTION L\u00c9GALE<\/span> Lire la suite\u00a0\u00bb<\/a><\/p>\n","protected":false},"author":1,"featured_media":0,"parent":0,"menu_order":0,"comment_status":"closed","ping_status":"closed","template":"","meta":{"site-sidebar-layout":"no-sidebar","site-content-layout":"page-builder","ast-global-header-display":"","ast-main-header-display":"","ast-hfb-above-header-display":"","ast-hfb-below-header-display":"","ast-hfb-mobile-header-display":"","site-post-title":"disabled","ast-breadcrumbs-content":"","ast-featured-img":"disabled","footer-sml-layout":"","theme-transparent-header-meta":"","adv-header-id-meta":"","stick-header-meta":"","header-above-stick-meta":"","header-main-stick-meta":"","header-below-stick-meta":"","footnotes":""},"class_list":["post-1364","page","type-page","status-publish","hentry"],"yoast_head":"<!-- This site is optimized with the Yoast SEO plugin v24.7 - https:\/\/yoast.com\/wordpress\/plugins\/seo\/ -->\n<title>MENTION L\u00c9GALE - Roy Diamantes Industriales S.L<\/title>\n<meta name=\"robots\" content=\"index, follow, max-snippet:-1, max-image-preview:large, max-video-preview:-1\" \/>\n<link rel=\"canonical\" href=\"https:\/\/roydiamantes.es\/fr\/mention-legale\/\" \/>\n<meta property=\"og:locale\" content=\"fr_FR\" \/>\n<meta property=\"og:type\" content=\"article\" \/>\n<meta property=\"og:title\" content=\"MENTION L\u00c9GALE - Roy Diamantes Industriales S.L\" \/>\n<meta property=\"og:description\" content=\"ROY DIAMANTES Mention L\u00e9gale 1. OBJET: Cette mention l\u00e9gale contient les conditions qui r\u00e9gissent l&rsquo;utilisation et l&rsquo;acc\u00e8s au site internet https:\/\/roydiamantes.es\/ (dor\u00e9navant le Site Internet) ainsi que les responsabilit\u00e9s d\u00e9rivant de son utilisation. Il sera entendu que l&rsquo;acc\u00e8s au Site Internet comme sa simple utilisation de la part de l&rsquo;Utilisateur implique l&rsquo;adh\u00e9sion de ce dernier &hellip; MENTION L\u00c9GALE Lire la suite\u00a0\u00bb\" \/>\n<meta property=\"og:url\" content=\"https:\/\/roydiamantes.es\/fr\/mention-legale\/\" \/>\n<meta property=\"og:site_name\" content=\"Roy Diamantes Industriales S.L\" \/>\n<meta property=\"article:modified_time\" content=\"2023-03-29T10:49:30+00:00\" \/>\n<meta name=\"twitter:card\" content=\"summary_large_image\" \/>\n<meta name=\"twitter:label1\" content=\"Dur\u00e9e de lecture estim\u00e9e\" \/>\n\t<meta name=\"twitter:data1\" content=\"8 minutes\" \/>\n<script type=\"application\/ld+json\" class=\"yoast-schema-graph\">{\"@context\":\"https:\/\/schema.org\",\"@graph\":[{\"@type\":\"WebPage\",\"@id\":\"https:\/\/roydiamantes.es\/fr\/mention-legale\/\",\"url\":\"https:\/\/roydiamantes.es\/fr\/mention-legale\/\",\"name\":\"MENTION L\u00c9GALE - Roy Diamantes Industriales S.L\",\"isPartOf\":{\"@id\":\"https:\/\/roydiamantes.es\/fr\/#website\"},\"datePublished\":\"2023-03-29T10:09:02+00:00\",\"dateModified\":\"2023-03-29T10:49:30+00:00\",\"breadcrumb\":{\"@id\":\"https:\/\/roydiamantes.es\/fr\/mention-legale\/#breadcrumb\"},\"inLanguage\":\"fr-FR\",\"potentialAction\":[{\"@type\":\"ReadAction\",\"target\":[\"https:\/\/roydiamantes.es\/fr\/mention-legale\/\"]}]},{\"@type\":\"BreadcrumbList\",\"@id\":\"https:\/\/roydiamantes.es\/fr\/mention-legale\/#breadcrumb\",\"itemListElement\":[{\"@type\":\"ListItem\",\"position\":1,\"name\":\"Portada\",\"item\":\"https:\/\/roydiamantes.es\/en\/\"},{\"@type\":\"ListItem\",\"position\":2,\"name\":\"MENTION L\u00c9GALE\"}]},{\"@type\":\"WebSite\",\"@id\":\"https:\/\/roydiamantes.es\/fr\/#website\",\"url\":\"https:\/\/roydiamantes.es\/fr\/\",\"name\":\"Roy Diamantes Industriales S.L\",\"description\":\"Roy Diamantes\",\"publisher\":{\"@id\":\"https:\/\/roydiamantes.es\/fr\/#organization\"},\"potentialAction\":[{\"@type\":\"SearchAction\",\"target\":{\"@type\":\"EntryPoint\",\"urlTemplate\":\"https:\/\/roydiamantes.es\/fr\/?s={search_term_string}\"},\"query-input\":{\"@type\":\"PropertyValueSpecification\",\"valueRequired\":true,\"valueName\":\"search_term_string\"}}],\"inLanguage\":\"fr-FR\"},{\"@type\":\"Organization\",\"@id\":\"https:\/\/roydiamantes.es\/fr\/#organization\",\"name\":\"Roy Diamantes Industriales S.L\",\"url\":\"https:\/\/roydiamantes.es\/fr\/\",\"logo\":{\"@type\":\"ImageObject\",\"inLanguage\":\"fr-FR\",\"@id\":\"https:\/\/roydiamantes.es\/fr\/#\/schema\/logo\/image\/\",\"url\":\"https:\/\/roydiamantes.es\/wp-content\/uploads\/2023\/03\/Logo_RoyDiamantes-logo-web.png\",\"contentUrl\":\"https:\/\/roydiamantes.es\/wp-content\/uploads\/2023\/03\/Logo_RoyDiamantes-logo-web.png\",\"width\":1898,\"height\":1582,\"caption\":\"Roy Diamantes Industriales S.L\"},\"image\":{\"@id\":\"https:\/\/roydiamantes.es\/fr\/#\/schema\/logo\/image\/\"}}]}<\/script>\n<!-- \/ Yoast SEO plugin. -->","yoast_head_json":{"title":"MENTION L\u00c9GALE - Roy Diamantes Industriales S.L","robots":{"index":"index","follow":"follow","max-snippet":"max-snippet:-1","max-image-preview":"max-image-preview:large","max-video-preview":"max-video-preview:-1"},"canonical":"https:\/\/roydiamantes.es\/fr\/mention-legale\/","og_locale":"fr_FR","og_type":"article","og_title":"MENTION L\u00c9GALE - Roy Diamantes Industriales S.L","og_description":"ROY DIAMANTES Mention L\u00e9gale 1. OBJET: Cette mention l\u00e9gale contient les conditions qui r\u00e9gissent l&rsquo;utilisation et l&rsquo;acc\u00e8s au site internet https:\/\/roydiamantes.es\/ (dor\u00e9navant le Site Internet) ainsi que les responsabilit\u00e9s d\u00e9rivant de son utilisation. Il sera entendu que l&rsquo;acc\u00e8s au Site Internet comme sa simple utilisation de la part de l&rsquo;Utilisateur implique l&rsquo;adh\u00e9sion de ce dernier &hellip; MENTION L\u00c9GALE Lire la suite\u00a0\u00bb","og_url":"https:\/\/roydiamantes.es\/fr\/mention-legale\/","og_site_name":"Roy Diamantes Industriales S.L","article_modified_time":"2023-03-29T10:49:30+00:00","twitter_card":"summary_large_image","twitter_misc":{"Dur\u00e9e de lecture estim\u00e9e":"8 minutes"},"schema":{"@context":"https:\/\/schema.org","@graph":[{"@type":"WebPage","@id":"https:\/\/roydiamantes.es\/fr\/mention-legale\/","url":"https:\/\/roydiamantes.es\/fr\/mention-legale\/","name":"MENTION L\u00c9GALE - Roy Diamantes Industriales S.L","isPartOf":{"@id":"https:\/\/roydiamantes.es\/fr\/#website"},"datePublished":"2023-03-29T10:09:02+00:00","dateModified":"2023-03-29T10:49:30+00:00","breadcrumb":{"@id":"https:\/\/roydiamantes.es\/fr\/mention-legale\/#breadcrumb"},"inLanguage":"fr-FR","potentialAction":[{"@type":"ReadAction","target":["https:\/\/roydiamantes.es\/fr\/mention-legale\/"]}]},{"@type":"BreadcrumbList","@id":"https:\/\/roydiamantes.es\/fr\/mention-legale\/#breadcrumb","itemListElement":[{"@type":"ListItem","position":1,"name":"Portada","item":"https:\/\/roydiamantes.es\/en\/"},{"@type":"ListItem","position":2,"name":"MENTION L\u00c9GALE"}]},{"@type":"WebSite","@id":"https:\/\/roydiamantes.es\/fr\/#website","url":"https:\/\/roydiamantes.es\/fr\/","name":"Roy Diamantes Industriales S.L","description":"Roy Diamantes","publisher":{"@id":"https:\/\/roydiamantes.es\/fr\/#organization"},"potentialAction":[{"@type":"SearchAction","target":{"@type":"EntryPoint","urlTemplate":"https:\/\/roydiamantes.es\/fr\/?s={search_term_string}"},"query-input":{"@type":"PropertyValueSpecification","valueRequired":true,"valueName":"search_term_string"}}],"inLanguage":"fr-FR"},{"@type":"Organization","@id":"https:\/\/roydiamantes.es\/fr\/#organization","name":"Roy Diamantes Industriales S.L","url":"https:\/\/roydiamantes.es\/fr\/","logo":{"@type":"ImageObject","inLanguage":"fr-FR","@id":"https:\/\/roydiamantes.es\/fr\/#\/schema\/logo\/image\/","url":"https:\/\/roydiamantes.es\/wp-content\/uploads\/2023\/03\/Logo_RoyDiamantes-logo-web.png","contentUrl":"https:\/\/roydiamantes.es\/wp-content\/uploads\/2023\/03\/Logo_RoyDiamantes-logo-web.png","width":1898,"height":1582,"caption":"Roy Diamantes Industriales S.L"},"image":{"@id":"https:\/\/roydiamantes.es\/fr\/#\/schema\/logo\/image\/"}}]}},"_links":{"self":[{"href":"https:\/\/roydiamantes.es\/fr\/wp-json\/wp\/v2\/pages\/1364","targetHints":{"allow":["GET"]}}],"collection":[{"href":"https:\/\/roydiamantes.es\/fr\/wp-json\/wp\/v2\/pages"}],"about":[{"href":"https:\/\/roydiamantes.es\/fr\/wp-json\/wp\/v2\/types\/page"}],"author":[{"embeddable":true,"href":"https:\/\/roydiamantes.es\/fr\/wp-json\/wp\/v2\/users\/1"}],"replies":[{"embeddable":true,"href":"https:\/\/roydiamantes.es\/fr\/wp-json\/wp\/v2\/comments?post=1364"}],"version-history":[{"count":8,"href":"https:\/\/roydiamantes.es\/fr\/wp-json\/wp\/v2\/pages\/1364\/revisions"}],"predecessor-version":[{"id":1389,"href":"https:\/\/roydiamantes.es\/fr\/wp-json\/wp\/v2\/pages\/1364\/revisions\/1389"}],"wp:attachment":[{"href":"https:\/\/roydiamantes.es\/fr\/wp-json\/wp\/v2\/media?parent=1364"}],"curies":[{"name":"wp","href":"https:\/\/api.w.org\/{rel}","templated":true}]}}